{"id":625,"date":"2022-12-01T18:54:38","date_gmt":"2022-12-01T17:54:38","guid":{"rendered":"http:\/\/wp.nandinmusic.com\/?page_id=625"},"modified":"2026-03-08T14:31:24","modified_gmt":"2026-03-08T13:31:24","slug":"discography_songs","status":"publish","type":"page","link":"https:\/\/nandinbaker.com\/de\/discography_songs\/","title":{"rendered":"Anh\u00f6ren &amp; Erwerben - Lieder"},"content":{"rendered":"<div class=\"wp-block-columns is-layout-flex wp-container-core-columns-is-layout-28f84493 wp-block-columns-is-layout-flex\">\n<div class=\"wp-block-column is-layout-flow wp-block-column-is-layout-flow\" style=\"flex-basis:80%\"><div class=\"aioseo-breadcrumbs\"><span class=\"aioseo-breadcrumb\">\n\t\t\tStart\n\t\t<\/span><\/div>\n<\/div>\n\n\n\n<div class=\"wp-block-column is-layout-flow wp-block-column-is-layout-flow\"><div class=\"trp-shortcode-switcher__wrapper\"\r\n     style=\"--bg:#ffffff;--bg-hover:#0000000d;--text:#143852;--text-hover:#1d2327;--border:1px solid #000000;--border-width:1px;--border-color:#000000;--border-radius:5px;--flag-radius:2px;--flag-size:20px;--aspect-ratio:4\/3;--font-size:16px;--transition-duration:0.2s\"\r\n     role=\"group\"\r\n     data-open-mode=\"hover\">\r\n\r\n    \r\n        <!-- ANCHOR (in-flow only; sizing\/borders; inert) -->\r\n        <div class=\"trp-language-switcher trp-ls-dropdown trp-shortcode-switcher trp-shortcode-anchor trp-open-on-hover\"\r\n             aria-hidden=\"true\"\r\n             inert\r\n data-no-translation>\r\n                <div class=\"trp-current-language-item__wrapper\">\r\n        <a class=\"trp-language-item trp-language-item__default trp-language-item__current\" data-no-translation href=\"https:\/\/nandinbaker.com\/de\/wp-json\/wp\/v2\/pages\/625\" title=\"Deutsch\"><img decoding=\"async\" src=\"https:\/\/nandinbaker.com\/wp-content\/plugins\/translatepress-multilingual\/assets\/flags\/4x3\/de_DE.svg\" class=\"trp-flag-image\" alt=\"\" role=\"presentation\" loading=\"lazy\" \/><span class=\"trp-language-item-name\">Deutsch<\/span><\/a>                    <svg class=\"trp-shortcode-arrow\" width=\"20\" height=\"20\" viewbox=\"0 0 20 21\" fill=\"none\" aria-hidden=\"true\" focusable=\"false\" xmlns=\"http:\/\/www.w3.org\/2000\/svg\">\r\n                <path d=\"M5 8L10 13L15 8\" stroke=\"var(--text)\" stroke-width=\"2\" stroke-linecap=\"round\" stroke-linejoin=\"round\"\/>\r\n            <\/svg>\r\n            <\/div>\r\n            <\/div>\r\n\r\n        <!-- OVERLAY (positioned; interactive surface) -->\r\n        <div class=\"trp-language-switcher trp-ls-dropdown trp-shortcode-switcher trp-shortcode-overlay trp-open-on-hover\"\r\n             role=\"navigation\"\r\n             aria-label=\"Website language selector\"\r\n             data-no-translation\r\n>\r\n                <div class=\"trp-current-language-item__wrapper\">\r\n        <div class=\"trp-language-item trp-language-item__default trp-language-item__current\" data-no-translation role=\"button\" aria-expanded=\"false\" tabindex=\"0\" aria-label=\"Change language\" aria-controls=\"trp-shortcode-dropdown-69d4c939e9f5d\"><img decoding=\"async\" src=\"https:\/\/nandinbaker.com\/wp-content\/plugins\/translatepress-multilingual\/assets\/flags\/4x3\/de_DE.svg\" class=\"trp-flag-image\" alt=\"\" role=\"presentation\" loading=\"lazy\" \/><span class=\"trp-language-item-name\">Deutsch<\/span><\/div>                    <svg class=\"trp-shortcode-arrow\" width=\"20\" height=\"20\" viewbox=\"0 0 20 21\" fill=\"none\" aria-hidden=\"true\" focusable=\"false\" xmlns=\"http:\/\/www.w3.org\/2000\/svg\">\r\n                <path d=\"M5 8L10 13L15 8\" stroke=\"var(--text)\" stroke-width=\"2\" stroke-linecap=\"round\" stroke-linejoin=\"round\"\/>\r\n            <\/svg>\r\n            <\/div>\r\n    \r\n            <div class=\"trp-switcher-dropdown-list\"\r\n                 id=\"trp-shortcode-dropdown-69d4c939e9f5d\"\r\n                 role=\"group\"\r\n                 aria-label=\"Available languages\"\r\n                 hidden\r\n inert\r\n>\r\n                                                            <a class=\"trp-language-item\" href=\"https:\/\/nandinbaker.com\/de\/wp-json\/wp\/v2\/pages\/625\" title=\"English (Canada)\">\r\n                            <img decoding=\"async\" src=\"https:\/\/nandinbaker.com\/wp-content\/plugins\/translatepress-multilingual\/assets\/flags\/4x3\/en_CA.svg\" class=\"trp-flag-image\" alt=\"\" role=\"presentation\" loading=\"lazy\" \/>                                                            <span class=\"trp-language-item-name\" data-no-translation>English (Canada)<\/span>\r\n                                                                                <\/a>\r\n                                                <\/div>\r\n        <\/div>\r\n\r\n    <\/div>\r\n\n<\/div>\n<\/div>\n\n\n\n<div class=\"wp-block-buttons is-content-justification-left is-layout-flex wp-container-core-buttons-is-layout-fc4fd283 wp-block-buttons-is-layout-flex\">\n<div class=\"wp-block-button\"><a class=\"wp-block-button__link wp-element-button\" href=\"\/de\/discography_instrumental\/\">Instrumental<\/a><\/div>\n\n\n\n<div class=\"wp-block-button\"><a class=\"wp-block-button__link wp-element-button\" href=\"\/de\/discography_vocal\/\">Instrumental mit Stimme<\/a><\/div>\n\n\n\n<div class=\"wp-block-button\"><a class=\"wp-block-button__link wp-element-button\" href=\"\/de\/discography_songs\/\">Lieder<\/a><\/div>\n<\/div>\n\n\n\n<h2 class=\"wp-block-heading has-text-align-center\" style=\"font-size:2.8em\">Lieder<\/h2>\n\n\n\n<div class=\"wp-block-columns is-layout-flex wp-container-core-columns-is-layout-28f84493 wp-block-columns-is-layout-flex\">\n<div class=\"wp-block-column m0 has-background is-layout-flow wp-block-column-is-layout-flow\" style=\"background-color:#aab9bc;flex-basis:100%\">\n<div style=\"height:20px\" aria-hidden=\"true\" class=\"wp-block-spacer\"><\/div>\n\n\n\n<div class=\"wp-block-columns is-layout-flex wp-container-core-columns-is-layout-28f84493 wp-block-columns-is-layout-flex\">\n<div class=\"wp-block-column has-background is-layout-flow wp-block-column-is-layout-flow\" style=\"background-color:#65828000\"><div id=\"audioigniter-986\" class=\"audioigniter-root\" data-player-type=\"full\" data-tracks-url=\"https:\/\/nandinbaker.com\/de\/?audioigniter_playlist_id=986\" data-display-track-no=\"true\" data-reverse-track-order=\"false\" data-display-tracklist-covers=\"true\" data-display-active-cover=\"true\" data-display-artist-names=\"true\" data-display-buy-buttons=\"true\" data-buy-buttons-target=\"true\" data-cycle-tracks=\"false\" data-display-credits=\"false\" data-display-tracklist=\"true\" data-allow-tracklist-toggle=\"true\" data-allow-tracklist-loop=\"true\" data-limit-tracklist-height=\"true\" data-volume=\"100\" data-tracklist-height=\"140\" ><\/div>\n<\/div>\n\n\n\n<div class=\"wp-block-column is-layout-flow wp-block-column-is-layout-flow\">\n<h3 class=\"wp-block-heading\" style=\"font-size:1.2em\"><span style=\"font-size:1.4em; font-weight:bold; color:#fff\">Yes is the Answer<\/span><\/h3>\n\n\n\n<p>Diese live aufgenommenen Lieder spiegeln die vibrierende Freude und Lebendigkeit aus Samarpan's Satsang. Meist sind es Bhajans und Mantren aus Indien mit Einfl\u00fcssen aus Afrika, Schweden, D\u00e4nemark und der Sufi-Tradition. Wer Gesang mag, wird diese Doppel-CD lieben - die Texte liegen bei. An Instrumenten zu h\u00f6ren sind Keyboard, Fl\u00f6te, Gitarre, Percussion und die wunderbaren S\u00e4nger, die Samarpan auf seinen Reisen begleiten.<\/p>\n\n\n\n<div class=\"wp-block-buttons is-layout-flex wp-block-buttons-is-layout-flex\">\n<div class=\"wp-block-button\"><a class=\"wp-block-button__link wp-element-button\" href=\"\/de\/order-songs-cds\/\">kaufen<\/a><\/div>\n<\/div>\n<\/div>\n<\/div>\n\n\n\n<div class=\"wp-block-columns is-layout-flex wp-container-core-columns-is-layout-28f84493 wp-block-columns-is-layout-flex\">\n<div class=\"wp-block-column is-layout-flow wp-block-column-is-layout-flow\"><div id=\"audioigniter-993\" class=\"audioigniter-root\" data-player-type=\"full\" data-tracks-url=\"https:\/\/nandinbaker.com\/de\/?audioigniter_playlist_id=993\" data-display-track-no=\"true\" data-reverse-track-order=\"false\" data-display-tracklist-covers=\"true\" data-display-active-cover=\"true\" data-display-artist-names=\"true\" data-display-buy-buttons=\"true\" data-buy-buttons-target=\"true\" data-cycle-tracks=\"false\" data-display-credits=\"false\" data-display-tracklist=\"true\" data-allow-tracklist-toggle=\"true\" data-allow-tracklist-loop=\"true\" data-limit-tracklist-height=\"true\" data-volume=\"100\" data-tracklist-height=\"260\" ><\/div>\n<\/div>\n\n\n\n<div class=\"wp-block-column is-layout-flow wp-block-column-is-layout-flow\">\n<h3 class=\"wp-block-heading\" style=\"font-size:1.2em\"><span style=\"font-size:1.4em; font-weight:bold; color:#fff\">The Universe Inside<\/span><\/h3>\n\n\n\n<p>Diese Musik ist eine mystische Einladung in unser inneres Universum. Die Lieder und Mantren entspringen der unersch\u00f6pflichen Quelle jahrhunderte-alter Tradition, die durch ihre Musik auf das, was jenseits des Verstandes liegt, hinweist. Nandin: Querfl\u00f6te, Keyboard, Stimme \u00b7 Nikhil: Gitarre, Stimme<\/p>\n\n\n\n<div class=\"wp-block-buttons is-layout-flex wp-block-buttons-is-layout-flex\">\n<div class=\"wp-block-button\"><a class=\"wp-block-button__link wp-element-button\" href=\"https:\/\/nandinbaker.com\/de\/order-songs-cds\/\">kaufen<\/a><\/div>\n<\/div>\n<\/div>\n<\/div>\n\n\n\n<div class=\"wp-block-columns is-layout-flex wp-container-core-columns-is-layout-28f84493 wp-block-columns-is-layout-flex\">\n<div class=\"wp-block-column is-layout-flow wp-block-column-is-layout-flow\"><div id=\"audioigniter-1008\" class=\"audioigniter-root\" data-player-type=\"full\" data-tracks-url=\"https:\/\/nandinbaker.com\/de\/?audioigniter_playlist_id=1008\" data-display-track-no=\"true\" data-reverse-track-order=\"false\" data-display-tracklist-covers=\"true\" data-display-active-cover=\"true\" data-display-artist-names=\"true\" data-display-buy-buttons=\"true\" data-buy-buttons-target=\"true\" data-cycle-tracks=\"false\" data-display-credits=\"false\" data-display-tracklist=\"true\" data-allow-tracklist-toggle=\"true\" data-allow-tracklist-loop=\"true\" data-limit-tracklist-height=\"true\" data-volume=\"100\" data-tracklist-height=\"260\" ><\/div>\n<\/div>\n\n\n\n<div class=\"wp-block-column is-layout-flow wp-block-column-is-layout-flow\">\n<h3 class=\"wp-block-heading\" style=\"font-size:1.2em\"><span style=\"font-size:1.4em; font-weight:bold; color:#fff\">Divine Landscapes<\/span><\/h3>\n\n\n\n<p>Diese Lieder-Sammlung ist von den Traditionen Indiens, Amerikas und Europas beeinflu\u00dft, meist Bhajans. Diese CD entwickelte sich aus der im Satsang gespielten Musik und arrangierte sich auf die dem Leben inne-wohnende magische Art und Weise von selbst ... Instrumente: diverse Fl\u00f6ten, Indische Harfe, Sitar, verschiedene Trommeln, Bass-Gitarre und Keyboard, Singstimmen.<\/p>\n\n\n\n<div class=\"wp-block-buttons is-layout-flex wp-block-buttons-is-layout-flex\">\n<div class=\"wp-block-button\"><a class=\"wp-block-button__link wp-element-button\" href=\"\/de\/order-songs-cds\/\">kaufen<\/a><\/div>\n<\/div>\n<\/div>\n<\/div>\n\n\n\n<div class=\"wp-block-columns is-layout-flex wp-container-core-columns-is-layout-28f84493 wp-block-columns-is-layout-flex\">\n<div class=\"wp-block-column is-layout-flow wp-block-column-is-layout-flow\"><div id=\"audioigniter-1018\" class=\"audioigniter-root\" data-player-type=\"full\" data-tracks-url=\"https:\/\/nandinbaker.com\/de\/?audioigniter_playlist_id=1018\" data-display-track-no=\"true\" data-reverse-track-order=\"false\" data-display-tracklist-covers=\"true\" data-display-active-cover=\"true\" data-display-artist-names=\"true\" data-display-buy-buttons=\"true\" data-buy-buttons-target=\"true\" data-cycle-tracks=\"false\" data-display-credits=\"false\" data-display-tracklist=\"true\" data-allow-tracklist-toggle=\"true\" data-allow-tracklist-loop=\"true\" data-limit-tracklist-height=\"true\" data-volume=\"100\" data-tracklist-height=\"260\" ><\/div>\n<\/div>\n\n\n\n<div class=\"wp-block-column is-layout-flow wp-block-column-is-layout-flow\">\n<h3 class=\"wp-block-heading\" style=\"font-size:1.2em\"><span style=\"font-size:1.4em; font-weight:bold; color:#fff\">Rest Here<\/span><\/h3>\n\n\n\n<p>Soham\/Samarpan: \"Wir singen Mantren und das bringt uns in den Moment. Das ist es, was Mantren Singen in dir ber\u00fchrt - einfach DAS - das Erkennen der Anmut - dein eigenes wahres Zentrum. Es ist ganz nat\u00fcrlich, sich darin zu verlieben.\"<\/p>\n\n\n\n<p>Die von Herzen kommenden, liebkosenden und wohltuenden T\u00f6ne von Pujas Stimme, begleitet von Nandins sch\u00f6pferischen Harmonien, tragen an einen ruhevollen Ort im Inneren - einen Ort der Meditation, der das nat\u00fcrliche Ergebnis des Singens hingebungsvoller Songs ist. Diese Mantren entstammen einer langen Tradition \u00f6stlicher spiritueller Praktiken und haben einen n\u00e4hrenden und entspannenden Effekt auf K\u00f6rper und Geist. Die CD, die vorwiegend Mantren enth\u00e4lt, er\u00f6ffnet beim H\u00f6ren die M\u00f6glichkeit, sich einfach von der Musik tragen zu lassen oder auch mitzusingen, da die Texte und \u00dcbersetzungen beigef\u00fcgt sind.<\/p>\n\n\n\n<div class=\"wp-block-buttons is-layout-flex wp-block-buttons-is-layout-flex\">\n<div class=\"wp-block-button\"><a class=\"wp-block-button__link wp-element-button\" href=\"\/de\/order-songs-cds\/\">kaufen<\/a><\/div>\n<\/div>\n<\/div>\n<\/div>\n\n\n\n<div style=\"height:30px\" aria-hidden=\"true\" class=\"wp-block-spacer\"><\/div>\n<\/div>\n<\/div>\n\n\n\n<div class=\"wp-block-columns is-layout-flex wp-container-core-columns-is-layout-28f84493 wp-block-columns-is-layout-flex\">\n<div class=\"wp-block-column is-layout-flow wp-block-column-is-layout-flow\">\n<div style=\"height:40px\" aria-hidden=\"true\" class=\"wp-block-spacer\"><\/div>\n\n\n\n<div class=\"wp-block-columns is-layout-flex wp-container-core-columns-is-layout-28f84493 wp-block-columns-is-layout-flex\">\n<div class=\"wp-block-column m1 m12 m13 has-background is-layout-flow wp-block-column-is-layout-flow\" style=\"background-color:#d9d5ba\">\n<p style=\"margin-top:var(--wp--preset--spacing--30);font-size:1.4em\">Meine Pr\u00e4senz auf sozialen Medien<\/p>\n\n\n\n<div class=\"wp-block-columns is-layout-flex wp-container-core-columns-is-layout-28f84493 wp-block-columns-is-layout-flex\">\n<div class=\"wp-block-column is-layout-flow wp-block-column-is-layout-flow\" style=\"flex-basis:235px\">\n<div class=\"sfsi_widget sfsi_shortcode_container\"><div class=\"norm_row sfsi_wDiv\"  style=\"width:225px;text-align:center;\"><div style='width:40px; height:40px;margin-left:5px;margin-bottom:5px; ' class='sfsi_wicons shuffeldiv' ><div class='inerCnt'><a class='sficn' data-effect='scale' target='_blank' rel='noopener'  href='https:\/\/www.facebook.com\/profile.php?id=100027725660575' id='sfsiid_facebook_icon' style='width:40px;height:40px;opacity:1;'  ><img data-pin-nopin='true' alt='Facebook' title='Facebook' src='https:\/\/nandinbaker.com\/wp-content\/plugins\/ultimate-social-media-icons\/images\/icons_theme\/crystal\/crystal_facebook.png' width='40' height='40' style='' class='sfcm sfsi_wicon' data-effect='scale'   \/><\/a><div class=\"sfsi_tool_tip_2 fb_tool_bdr sfsiTlleft\" style=\"opacity:0;z-index:-1;\" id=\"sfsiid_facebook\"><span class=\"bot_arow bot_fb_arow\"><\/span><div class=\"sfsi_inside\"><div  class='icon1'><a href='https:\/\/www.facebook.com\/profile.php?id=100027725660575' target='_blank' rel='noopener'><img data-pin-nopin='true' class='sfsi_wicon' alt='Facebook' title='Facebook' src='https:\/\/nandinbaker.com\/wp-content\/plugins\/ultimate-social-media-icons\/images\/visit_icons\/Visit_us_fb\/icon_Visit_us_en_US.png' \/><\/a><\/div><div  class='icon2'><div class=\"fb-like\" width=\"200\" data-href=\"https:\/\/nandinbaker.com\/de\/discography_songs\/\"  data-send=\"false\" data-layout=\"button_count\" data-action=\"like\"><\/div><\/div><div  class='icon3'><a target='_blank' rel='noopener' href='https:\/\/www.facebook.com\/sharer\/sharer.php?u=https%3A%2F%2Fnandinbaker.com%2Fde%2Fwp-json%2Fwp%2Fv2%2Fpages%2F625' style='display:inline-block;'  > <img class='sfsi_wicon'  data-pin-nopin='true' alt='fb-share-icon' title='Facebook Share' src='https:\/\/nandinbaker.com\/wp-content\/plugins\/ultimate-social-media-icons\/images\/share_icons\/fb_icons\/en_US.svg' \/><\/a><\/div><\/div><\/div><\/div><\/div><div style='width:40px; height:40px;margin-left:5px;margin-bottom:5px; ' class='sfsi_wicons shuffeldiv' ><div class='inerCnt'><a class='sficn' data-effect='scale' target='_blank' rel='noopener'  href='https:\/\/www.youtube.com\/user\/Nandinbaker' id='sfsiid_youtube_icon' style='width:40px;height:40px;opacity:1;'  ><img data-pin-nopin='true' alt='YouTube' title='YouTube' src='https:\/\/nandinbaker.com\/wp-content\/plugins\/ultimate-social-media-icons\/images\/icons_theme\/crystal\/crystal_youtube.png' width='40' height='40' style='' class='sfcm sfsi_wicon' data-effect='scale'   \/><\/a><\/div><\/div><div style='width:40px; height:40px;margin-left:5px;margin-bottom:5px; ' class='sfsi_wicons shuffeldiv' ><div class='inerCnt'><a class='sficn' data-effect='scale' target='_blank' rel='noopener'  href='https:\/\/www.linkedin.com\/in\/nandin-kathleen-baker-360a6220\/' id='sfsiid_linkedin_icon' style='width:40px;height:40px;opacity:1;'  ><img data-pin-nopin='true' alt='LinkedIn' title='LinkedIn' src='https:\/\/nandinbaker.com\/wp-content\/plugins\/ultimate-social-media-icons\/images\/icons_theme\/crystal\/crystal_linkedin.png' width='40' height='40' style='' class='sfcm sfsi_wicon' data-effect='scale'   \/><\/a><div class=\"sfsi_tool_tip_2 linkedin_tool_bdr sfsiTlleft\" style=\"opacity:0;z-index:-1;\" id=\"sfsiid_linkedin\"><span class=\"bot_arow bot_linkedin_arow\"><\/span><div class=\"sfsi_inside\"><div  class='icon4'><a href='https:\/\/www.linkedin.com\/in\/nandin-kathleen-baker-360a6220\/' target='_blank' rel='noopener'><img data-pin-nopin='true' class='sfsi_wicon' alt='LinkedIn' title='LinkedIn' src='https:\/\/nandinbaker.com\/wp-content\/plugins\/ultimate-social-media-icons\/images\/visit_icons\/Visit_us_linkedin\/icon_en_US.svg' \/><\/a><\/div><div  class='icon1'><script type=\"IN\/FollowCompany\" data-id=\"10\" ><\/script><\/div><div  class='icon2'><a target='_blank' rel='noopener' href=\"https:\/\/www.linkedin.com\/sharing\/share-offsite\/?url=https%3A%2F%2Fnandinbaker.com%2Fde%2Fwp-json%2Fwp%2Fv2%2Fpages%2F625\"><img decoding=\"async\" class=\"sfsi_wicon\" data-pin-nopin= \"true\" alt=\"Share\" title=\"Share\" src=\"https:\/\/nandinbaker.com\/wp-content\/plugins\/ultimate-social-media-icons\/images\/share_icons\/Linkedin_Share\/en_US_share.svg\" \/><\/a><\/div><div  class='icon3'><script type=\"IN\/RecommendProduct\" data-company=\"10\" data-product=\"\"><\/script><\/div><\/div><\/div><\/div><\/div><div style='width:40px; height:40px;margin-left:5px;margin-bottom:5px; ' class='sfsi_wicons shuffeldiv' ><div class='inerCnt'><a class='sficn' data-effect='scale' target='_blank' rel='noopener'  href='https:\/\/www.instagram.com\/nandin.baker\/' id='sfsiid_instagram_icon' style='width:40px;height:40px;opacity:1;'  ><img data-pin-nopin='true' alt='Instagram' title='Instagram' src='https:\/\/nandinbaker.com\/wp-content\/plugins\/ultimate-social-media-icons\/images\/icons_theme\/crystal\/crystal_instagram.png' width='40' height='40' style='' class='sfcm sfsi_wicon' data-effect='scale'   \/><\/a><\/div><\/div><\/div><div id=\"sfsi_holder\" class=\"sfsi_holders\" style=\"position: relative; float: left;width:100%;z-index:-1;\"><\/div><script>window.addEventListener(\"sfsi_functions_loaded\", function()\n\t\t\t{\n\t\t\t\tif (typeof sfsi_widget_set == \"function\") {\n\t\t\t\t\tsfsi_widget_set();\n\t\t\t\t}\n\t\t\t}); jQuery( document ).ready(function( $ ) { sfsi_shuffle(); });<\/script><div style=\"clear: both;\"><\/div><\/div>\n<\/div>\n<\/div>\n\n\n\n<p>Meine Mailingliste abonnieren: <a onclick=\"return confirm('You are leaving this website. Are you sure?');\" title=\"Kontakt\" href=\"https:\/\/nandinbaker.com\/de\/contact\/\"><em>hier<\/em><\/a><\/p>\n\n\n\n<p><a href=\"https:\/\/nandinbaker.com\/de\/about-nandin\/\"><strong>\u00dcber Nandin und ihre Musik<\/strong><\/a><br><a href=\"https:\/\/nandinbaker.com\/de\/contact-nandin-music\/\" title=\"\"><strong>Kontakt<\/strong><\/a><\/p>\n<\/div>\n\n\n\n<div class=\"wp-block-column m1 m12 has-background is-layout-flow wp-block-column-is-layout-flow\" style=\"background-color:#d9d5ba\">\n<p style=\"margin-top:var(--wp--preset--spacing--30);font-size:1.4em\">Veranstaltungen \u2013 und mehr<\/p>\n\n\n\n<p><a href=\"https:\/\/nandinbaker.com\/de\/meditative-music-making\/\">Meditatives Musizieren<\/a><br><a href=\"https:\/\/nandinbaker.com\/de\/nandin-music\/\">Nandin Musik<\/a><br><a href=\"https:\/\/nandinbaker.com\/de\/redirect-to-bakermusik-de\/\" target=\"_blank\" rel=\"noopener\" title=\"\">Musikunterricht<\/a><br><a href=\"https:\/\/nandinbaker.com\/de\/events-with-nandin\/\" title=\"\">Veranstaltungen<\/a> <a data-type=\"page\" data-id=\"354\" href=\"https:\/\/nandinbaker.com\/de\/events-calendar\/\">Calendar<\/a><br><a href=\"https:\/\/nandinbaker.com\/de\/media-choice\/\">Medien<\/a><br><a href=\"https:\/\/nandinbaker.com\/de\/singing-silence\/\">Singende Stille<\/a><br><a href=\"https:\/\/nandinbaker.com\/de\/stress-release-through-music\/\">Stressabbau durch Musik<\/a><br><a href=\"\/de\/free-downloads\/\">Downloads und mehr<\/a><\/p>\n\n\n\n<div style=\"height:5px\" aria-hidden=\"true\" class=\"wp-block-spacer\"><\/div>\n<\/div>\n\n\n\n<div class=\"wp-block-column m1 m12 has-background is-layout-flow wp-block-column-is-layout-flow\" style=\"background-color:#d9d5ba\">\n<p style=\"margin-top:var(--wp--preset--spacing--30);font-size:1.4em\">Rechtliches<\/p>\n\n\n\n<p><a title=\"\" href=\"\/de\/impressum\/\">Impressum<\/a><br><a title=\"\" href=\"\/de\/privacy policy\/\">Datenschutzerkl\u00e4rung<\/a><br><a title=\"Allgemeine Gesch\u00e4ftsbedingungen\" href=\"https:\/\/nandinbaker.com\/de\/general-terms-and-conditions\/\">AGB<\/a><br><a title=\"Allgemeine Gesch\u00e4ftsbedingungen\" href=\"https:\/\/nandinbaker.com\/de\/general-terms-and-conditions\/\">Allgemeine Gesch\u00e4ftsbedingungen<\/a><br><a title=\"\" href=\"https:\/\/nandinbaker.com\/de\/cookie-policy-eu\/\">Cookie-Richtlinie (EU)<\/a><\/p>\n\n\n\n<p class=\"has-text-align-left\"><a href=\"https:\/\/nandinbaker.com\/de\/site-map\/\" target=\"_blank\" rel=\"noopener\" title=\"Seiten\u00fcbersicht\">Seiten\u00fcbersicht<\/a><\/p>\n\n\n\n<div style=\"height:1px\" aria-hidden=\"true\" class=\"wp-block-spacer\"><\/div>\n<\/div>\n<\/div>\n<\/div>\n<\/div>","protected":false},"excerpt":{"rendered":"<p>Songs Yes is the Answer These songs were recorded live, on tour with Soham\/Samarpan, and capture the vibrant quality of fun and [&hellip;]<\/p>\n","protected":false},"author":1,"featured_media":0,"parent":0,"menu_order":0,"comment_status":"closed","ping_status":"closed","template":"","meta":{"footnotes":""},"categories":[21,20],"tags":[77,78,74,76,75],"class_list":["post-625","page","type-page","status-publish","hentry","category-media","category-music-in-the-air","tag-divine-landscapes","tag-rest-here","tag-songs","tag-the-universe-inside","tag-yes-is-the-answer"],"aioseo_notices":[],"_links":{"self":[{"href":"https:\/\/nandinbaker.com\/de\/wp-json\/wp\/v2\/pages\/625","targetHints":{"allow":["GET"]}}],"collection":[{"href":"https:\/\/nandinbaker.com\/de\/wp-json\/wp\/v2\/pages"}],"about":[{"href":"https:\/\/nandinbaker.com\/de\/wp-json\/wp\/v2\/types\/page"}],"author":[{"embeddable":true,"href":"https:\/\/nandinbaker.com\/de\/wp-json\/wp\/v2\/users\/1"}],"replies":[{"embeddable":true,"href":"https:\/\/nandinbaker.com\/de\/wp-json\/wp\/v2\/comments?post=625"}],"version-history":[{"count":46,"href":"https:\/\/nandinbaker.com\/de\/wp-json\/wp\/v2\/pages\/625\/revisions"}],"predecessor-version":[{"id":4741,"href":"https:\/\/nandinbaker.com\/de\/wp-json\/wp\/v2\/pages\/625\/revisions\/4741"}],"wp:attachment":[{"href":"https:\/\/nandinbaker.com\/de\/wp-json\/wp\/v2\/media?parent=625"}],"wp:term":[{"taxonomy":"category","embeddable":true,"href":"https:\/\/nandinbaker.com\/de\/wp-json\/wp\/v2\/categories?post=625"},{"taxonomy":"post_tag","embeddable":true,"href":"https:\/\/nandinbaker.com\/de\/wp-json\/wp\/v2\/tags?post=625"}],"curies":[{"name":"wp","href":"https:\/\/api.w.org\/{rel}","templated":true}]}}