{"id":5,"date":"2022-11-23T12:26:18","date_gmt":"2022-11-23T11:26:18","guid":{"rendered":"http:\/\/wp.nandinmusic.com\/?page_id=5"},"modified":"2026-03-12T14:59:28","modified_gmt":"2026-03-12T13:59:28","slug":"nandin-music","status":"publish","type":"page","link":"https:\/\/nandinbaker.com\/de\/nandin-music\/","title":{"rendered":"Nandin Musik"},"content":{"rendered":"<div class=\"wp-block-columns is-layout-flex wp-container-core-columns-is-layout-28f84493 wp-block-columns-is-layout-flex\">\n<div class=\"wp-block-column is-layout-flow wp-block-column-is-layout-flow\" style=\"flex-basis:80%\"><div class=\"aioseo-breadcrumbs\"><span class=\"aioseo-breadcrumb\">\n\t\t\tStart\n\t\t<\/span><\/div>\n<\/div>\n\n\n\n<div class=\"wp-block-column is-layout-flow wp-block-column-is-layout-flow\"><div class=\"trp-shortcode-switcher__wrapper\"\r\n     style=\"--bg:#ffffff;--bg-hover:#0000000d;--text:#143852;--text-hover:#1d2327;--border:1px solid #000000;--border-width:1px;--border-color:#000000;--border-radius:5px;--flag-radius:2px;--flag-size:20px;--aspect-ratio:4\/3;--font-size:16px;--transition-duration:0.2s\"\r\n     role=\"group\"\r\n     data-open-mode=\"hover\">\r\n\r\n    \r\n        <!-- ANCHOR (in-flow only; sizing\/borders; inert) -->\r\n        <div class=\"trp-language-switcher trp-ls-dropdown trp-shortcode-switcher trp-shortcode-anchor trp-open-on-hover\"\r\n             aria-hidden=\"true\"\r\n             inert\r\n data-no-translation>\r\n                <div class=\"trp-current-language-item__wrapper\">\r\n        <a class=\"trp-language-item trp-language-item__default trp-language-item__current\" data-no-translation href=\"https:\/\/nandinbaker.com\/de\/wp-json\/wp\/v2\/pages\/5\" title=\"Deutsch\"><img decoding=\"async\" src=\"https:\/\/nandinbaker.com\/wp-content\/plugins\/translatepress-multilingual\/assets\/flags\/4x3\/de_DE.svg\" class=\"trp-flag-image\" alt=\"\" role=\"presentation\" loading=\"lazy\" \/><span class=\"trp-language-item-name\">Deutsch<\/span><\/a>                    <svg class=\"trp-shortcode-arrow\" width=\"20\" height=\"20\" viewbox=\"0 0 20 21\" fill=\"none\" aria-hidden=\"true\" focusable=\"false\" xmlns=\"http:\/\/www.w3.org\/2000\/svg\">\r\n                <path d=\"M5 8L10 13L15 8\" stroke=\"var(--text)\" stroke-width=\"2\" stroke-linecap=\"round\" stroke-linejoin=\"round\"\/>\r\n            <\/svg>\r\n            <\/div>\r\n            <\/div>\r\n\r\n        <!-- OVERLAY (positioned; interactive surface) -->\r\n        <div class=\"trp-language-switcher trp-ls-dropdown trp-shortcode-switcher trp-shortcode-overlay trp-open-on-hover\"\r\n             role=\"navigation\"\r\n             aria-label=\"Website language selector\"\r\n             data-no-translation\r\n>\r\n                <div class=\"trp-current-language-item__wrapper\">\r\n        <div class=\"trp-language-item trp-language-item__default trp-language-item__current\" data-no-translation role=\"button\" aria-expanded=\"false\" tabindex=\"0\" aria-label=\"Change language\" aria-controls=\"trp-shortcode-dropdown-69d027be9412a\"><img decoding=\"async\" src=\"https:\/\/nandinbaker.com\/wp-content\/plugins\/translatepress-multilingual\/assets\/flags\/4x3\/de_DE.svg\" class=\"trp-flag-image\" alt=\"\" role=\"presentation\" loading=\"lazy\" \/><span class=\"trp-language-item-name\">Deutsch<\/span><\/div>                    <svg class=\"trp-shortcode-arrow\" width=\"20\" height=\"20\" viewbox=\"0 0 20 21\" fill=\"none\" aria-hidden=\"true\" focusable=\"false\" xmlns=\"http:\/\/www.w3.org\/2000\/svg\">\r\n                <path d=\"M5 8L10 13L15 8\" stroke=\"var(--text)\" stroke-width=\"2\" stroke-linecap=\"round\" stroke-linejoin=\"round\"\/>\r\n            <\/svg>\r\n            <\/div>\r\n    \r\n            <div class=\"trp-switcher-dropdown-list\"\r\n                 id=\"trp-shortcode-dropdown-69d027be9412a\"\r\n                 role=\"group\"\r\n                 aria-label=\"Available languages\"\r\n                 hidden\r\n inert\r\n>\r\n                                                            <a class=\"trp-language-item\" href=\"https:\/\/nandinbaker.com\/de\/wp-json\/wp\/v2\/pages\/5\" title=\"English (Canada)\">\r\n                            <img decoding=\"async\" src=\"https:\/\/nandinbaker.com\/wp-content\/plugins\/translatepress-multilingual\/assets\/flags\/4x3\/en_CA.svg\" class=\"trp-flag-image\" alt=\"\" role=\"presentation\" loading=\"lazy\" \/>                                                            <span class=\"trp-language-item-name\" data-no-translation>English (Canada)<\/span>\r\n                                                                                <\/a>\r\n                                                <\/div>\r\n        <\/div>\r\n\r\n    <\/div>\r\n\n<\/div>\n<\/div>\n\n\n\n<div class=\"wp-block-columns has-white-background-color has-background is-layout-flex wp-container-core-columns-is-layout-28f84493 wp-block-columns-is-layout-flex\">\n<div class=\"wp-block-column is-layout-flow wp-block-column-is-layout-flow\"><\/div>\n\n\n\n<div class=\"wp-block-column is-layout-flow wp-container-core-column-is-layout-287f94af wp-block-column-is-layout-flow\" style=\"padding-top:0;padding-right:0;padding-bottom:0;padding-left:0;flex-basis:750px\">\n<h2 class=\"wp-block-heading has-text-align-center\" style=\"font-size:1.8em\">Ich helfe Musikliebhabern dabei, ihr Instrument nicht nur zu spielen, sondern durch musikalische Meditation m\u00fchelos zu kreativem Schaffen\u00a0zu\u00a0gelangen.<\/h2>\n\n\n\n<p class=\"has-white-color has-text-color has-link-color wp-elements-0624d425ddd9d5f0c809b6d8a7a44bae\" style=\"font-size:0px\">Nandin Musik<\/p>\n<\/div>\n\n\n\n<div class=\"wp-block-column is-layout-flow wp-block-column-is-layout-flow\"><\/div>\n<\/div>\n\n\n\n<div class=\"wp-block-columns is-layout-flex wp-container-core-columns-is-layout-28f84493 wp-block-columns-is-layout-flex\">\n<div class=\"wp-block-column m0 has-white-background-color has-background is-layout-flow wp-block-column-is-layout-flow\" style=\"flex-basis:100%\">\n<div style=\"height:30px\" aria-hidden=\"true\" class=\"wp-block-spacer\"><\/div>\n\n\n\n<div style=\"box-shadow: 8px 8px 15px rgba(0, 0, 0, 0.5);\">\n\n\n\n<div class=\"wp-block-media-text is-stacked-on-mobile\"><figure class=\"wp-block-media-text__media\"><img loading=\"lazy\" decoding=\"async\" width=\"980\" height=\"980\" src=\"https:\/\/nandinbaker.com\/wp-content\/uploads\/2022\/11\/Nandin_2015__281_von_1_29.jpg\" alt=\"Nandin Music, Nandin Kathleen Baker\" class=\"wp-image-10 size-full\" srcset=\"https:\/\/nandinbaker.com\/wp-content\/uploads\/2022\/11\/Nandin_2015__281_von_1_29.jpg 980w, https:\/\/nandinbaker.com\/wp-content\/uploads\/2022\/11\/Nandin_2015__281_von_1_29-300x300.jpg 300w, https:\/\/nandinbaker.com\/wp-content\/uploads\/2022\/11\/Nandin_2015__281_von_1_29-150x150.jpg 150w, https:\/\/nandinbaker.com\/wp-content\/uploads\/2022\/11\/Nandin_2015__281_von_1_29-768x768.jpg 768w, https:\/\/nandinbaker.com\/wp-content\/uploads\/2022\/11\/Nandin_2015__281_von_1_29-230x230.jpg 230w, https:\/\/nandinbaker.com\/wp-content\/uploads\/2022\/11\/Nandin_2015__281_von_1_29-350x350.jpg 350w, https:\/\/nandinbaker.com\/wp-content\/uploads\/2022\/11\/Nandin_2015__281_von_1_29-480x480.jpg 480w\" sizes=\"auto, (max-width: 980px) 100vw, 980px\" \/><\/figure><div class=\"wp-block-media-text__content\">\n<p>Nandin hat ihr ganzes Leben der Musik gewidmet. Sie hat eine klassische Ausbildung und ihr Repertoire umfasst fast alle m\u00f6glichen Musikstile, doch ihr Herz schl\u00e4gt f\u00fcr Musik, die in der Meditation verwurzelt ist...<\/p>\n\n\n\n<p>Sie spielt Querfl\u00f6te, Piccolo, Altfl\u00f6te, Keyboards und singt auch!<\/p>\n\n\n\n<p>Diese Webseite ist eine Einladung an alle, die Nandins Musik lieben oder kennenlernen wollen. Auf der&nbsp;<a href=\"https:\/\/nandinbaker.com\/de\/photos\/\" title=\"\">Medienseite<\/a>&nbsp;findest du eine Vielzahl von Fotos und Videos.<\/p>\n\n\n\n<p>Wenn Sie an Konzerten (Solo, Duo, Trio, Quartett oder mehr) oder Events und an Aufnahmen z.B. f\u00fcr gef\u00fchrte Meditationen oder Musik zur Heilung interessiert sind, kontaktieren Sie mich&nbsp;<a href=\"\/de\/contact\/\" title=\"\">hier<\/a>.<\/p>\n\n\n\n<div style=\"height:50px\" aria-hidden=\"true\" class=\"wp-block-spacer\"><\/div>\n<\/div><\/div>\n\n\n\n<\/div>\n\n\n\n<div style=\"height:10px\" aria-hidden=\"true\" class=\"wp-block-spacer\"><\/div>\n\n\n\n<h2 class=\"wp-block-heading has-text-align-center\" style=\"font-size:1.8em\">\u201cEin Maler malt Bilder auf der Leinwand. \nAber Musiker malen ihre Bilder auf der Stille.\u201d<br>Leopold Stokowski<\/h2>\n\n\n\n<div style=\"height:10px\" aria-hidden=\"true\" class=\"wp-block-spacer\"><\/div>\n\n\n\n<div style=\"box-shadow: 8px 8px 15px rgba(0, 0, 0, 0.5); width:640px;\">\n\n\n\n<figure class=\"wp-block-image size-full is-resized\" style=\"margin-top:0;margin-right:0;margin-bottom:0;margin-left:0\"><img loading=\"lazy\" decoding=\"async\" width=\"640\" height=\"427\" src=\"https:\/\/nandinbaker.com\/wp-content\/uploads\/2022\/11\/img_3716_by_an_idyllic_lake_in_the_rockies.jpg\" alt=\"sitting at a quiet lake in the Canadian rockies\" class=\"wp-image-11\" style=\"aspect-ratio:3\/2;object-fit:contain;width:640px\" srcset=\"https:\/\/nandinbaker.com\/wp-content\/uploads\/2022\/11\/img_3716_by_an_idyllic_lake_in_the_rockies.jpg 640w, https:\/\/nandinbaker.com\/wp-content\/uploads\/2022\/11\/img_3716_by_an_idyllic_lake_in_the_rockies-300x200.jpg 300w, https:\/\/nandinbaker.com\/wp-content\/uploads\/2022\/11\/img_3716_by_an_idyllic_lake_in_the_rockies-230x153.jpg 230w, https:\/\/nandinbaker.com\/wp-content\/uploads\/2022\/11\/img_3716_by_an_idyllic_lake_in_the_rockies-350x234.jpg 350w, https:\/\/nandinbaker.com\/wp-content\/uploads\/2022\/11\/img_3716_by_an_idyllic_lake_in_the_rockies-480x320.jpg 480w\" sizes=\"auto, (max-width: 640px) 100vw, 640px\" \/><\/figure>\n\n\n\n<\/div>\n\n\n\n<div style=\"height:20px\" aria-hidden=\"true\" class=\"wp-block-spacer\"><\/div>\n\n\n\n<hr class=\"wp-block-separator has-alpha-channel-opacity\"\/>\n\n\n\n<h2 class=\"wp-block-heading\" style=\"font-size:1.8em\"><strong><span style=\"font-size: 1.1em\">Mehr Musik, Konzerte &amp; Veranstaltungen, Workshops und mehr...<\/span><\/strong><\/h2>\n\n\n\n<div class=\"wp-block-buttons is-content-justification-left is-layout-flex wp-container-core-buttons-is-layout-6a42c07d wp-block-buttons-is-layout-flex\">\n<div class=\"wp-block-button is-style-fill\"><a class=\"wp-block-button__link wp-element-button\" href=\"\/de\/meditative-music-making\/\">Meditatives Musizieren<\/a><\/div>\n\n\n\n<div class=\"wp-block-button\"><a class=\"wp-block-button__link wp-element-button\" href=\"https:\/\/bakermusik.de\/\" target=\"_blank\" rel=\"noreferrer noopener\">Musikunterricht | Konzerte &amp; Veranstaltungen<\/a><\/div>\n\n\n\n<div class=\"wp-block-button\"><a class=\"wp-block-button__link wp-element-button\" href=\"\/de\/stress-release-through-music\/\">Workshop Stress-Abbau<\/a><\/div>\n\n\n\n<div class=\"wp-block-button is-style-fill\"><a class=\"wp-block-button__link wp-element-button\" href=\"\/de\/singing-silence\/\">Singende Stille<\/a><\/div>\n<\/div>\n\n\n\n<div style=\"height:50px\" aria-hidden=\"true\" class=\"wp-block-spacer\"><\/div>\n\n\n\n<div class=\"wp-block-columns is-layout-flex wp-container-core-columns-is-layout-28f84493 wp-block-columns-is-layout-flex\">\n<div class=\"wp-block-column is-layout-flow wp-block-column-is-layout-flow\">\n<div style=\"box-shadow: 8px 8px 15px rgba(0, 0, 0, 0.5); width:490px;\">\n\n\n\n<figure class=\"wp-block-image size-full\"><img loading=\"lazy\" decoding=\"async\" width=\"490\" height=\"349\" src=\"https:\/\/nandinbaker.com\/wp-content\/uploads\/2023\/01\/music-recital-invitation-blue-hair-notes-no-text.jpg\" alt=\"music recital invitation-blue hair notes\" class=\"wp-image-1740\" srcset=\"https:\/\/nandinbaker.com\/wp-content\/uploads\/2023\/01\/music-recital-invitation-blue-hair-notes-no-text.jpg 490w, https:\/\/nandinbaker.com\/wp-content\/uploads\/2023\/01\/music-recital-invitation-blue-hair-notes-no-text-300x214.jpg 300w, https:\/\/nandinbaker.com\/wp-content\/uploads\/2023\/01\/music-recital-invitation-blue-hair-notes-no-text-18x12.jpg 18w, https:\/\/nandinbaker.com\/wp-content\/uploads\/2023\/01\/music-recital-invitation-blue-hair-notes-no-text-230x164.jpg 230w, https:\/\/nandinbaker.com\/wp-content\/uploads\/2023\/01\/music-recital-invitation-blue-hair-notes-no-text-350x249.jpg 350w, https:\/\/nandinbaker.com\/wp-content\/uploads\/2023\/01\/music-recital-invitation-blue-hair-notes-no-text-480x342.jpg 480w\" sizes=\"auto, (max-width: 490px) 100vw, 490px\" \/><\/figure>\n\n\n\n<\/div>\n<\/div>\n\n\n\n<div class=\"wp-block-column is-layout-flow wp-block-column-is-layout-flow\">\n<h3 class=\"wp-block-heading\" style=\"font-size:1.2em\"><strong>Manifestieren Meditativer Musik<\/strong><\/h3>\n\n\n\n<p style=\"font-size:1.2em\"><a href=\"https:\/\/nandinbaker.com\/de\/meditative-music-making\/\" title=\"Meditatives Musizieren\">mehr Infos und Termine<\/a><\/p>\n\n\n\n<h3 class=\"wp-block-heading has-text-align-left is-style-default\" style=\"margin-bottom:0;font-size:1.2em\"><strong><br>Meditatives Musizieren, ein Leitfaden f\u00fcr Anf\u00e4nger<\/strong><\/h3>\n\n\n\n<p class=\"has-text-align-left\" style=\"margin-top:0;font-size:1.2em\">Zum kostenlosen Download klicken Sie bitte <strong><a href=\"https:\/\/nandinbaker.com\/de\/free-downloads\/\" title=\"Kostenlose Downloads\">hier<\/a>.<\/strong><\/p>\n<\/div>\n<\/div>\n\n\n\n<div style=\"height:30px\" aria-hidden=\"true\" class=\"wp-block-spacer\"><\/div>\n<\/div>\n<\/div>\n\n\n\n<div class=\"wp-block-columns is-layout-flex wp-container-core-columns-is-layout-28f84493 wp-block-columns-is-layout-flex\">\n<div class=\"wp-block-column is-layout-flow wp-block-column-is-layout-flow\">\n<div style=\"height:40px\" aria-hidden=\"true\" class=\"wp-block-spacer\"><\/div>\n\n\n\n<div class=\"wp-block-columns is-layout-flex wp-container-core-columns-is-layout-28f84493 wp-block-columns-is-layout-flex\">\n<div class=\"wp-block-column m1 m12 m13 has-background is-layout-flow wp-block-column-is-layout-flow\" style=\"background-color:#d9d5ba\">\n<p style=\"margin-top:var(--wp--preset--spacing--30);font-size:1.4em\">Meine Pr\u00e4senz auf sozialen Medien<\/p>\n\n\n\n<div class=\"wp-block-columns is-layout-flex wp-container-core-columns-is-layout-28f84493 wp-block-columns-is-layout-flex\">\n<div class=\"wp-block-column is-layout-flow wp-block-column-is-layout-flow\" style=\"flex-basis:235px\">\n<div class=\"sfsi_widget sfsi_shortcode_container\"><div class=\"norm_row sfsi_wDiv\"  style=\"width:225px;text-align:center;\"><div style='width:40px; height:40px;margin-left:5px;margin-bottom:5px; ' class='sfsi_wicons shuffeldiv' ><div class='inerCnt'><a class='sficn' data-effect='scale' target='_blank' rel='noopener'  href='https:\/\/www.facebook.com\/profile.php?id=100027725660575' id='sfsiid_facebook_icon' style='width:40px;height:40px;opacity:1;'  ><img data-pin-nopin='true' alt='Facebook' title='Facebook' src='https:\/\/nandinbaker.com\/wp-content\/plugins\/ultimate-social-media-icons\/images\/icons_theme\/crystal\/crystal_facebook.png' width='40' height='40' style='' class='sfcm sfsi_wicon' data-effect='scale'   \/><\/a><div class=\"sfsi_tool_tip_2 fb_tool_bdr sfsiTlleft\" style=\"opacity:0;z-index:-1;\" id=\"sfsiid_facebook\"><span class=\"bot_arow bot_fb_arow\"><\/span><div class=\"sfsi_inside\"><div  class='icon1'><a href='https:\/\/www.facebook.com\/profile.php?id=100027725660575' target='_blank' rel='noopener'><img data-pin-nopin='true' class='sfsi_wicon' alt='Facebook' title='Facebook' src='https:\/\/nandinbaker.com\/wp-content\/plugins\/ultimate-social-media-icons\/images\/visit_icons\/Visit_us_fb\/icon_Visit_us_en_US.png' \/><\/a><\/div><div  class='icon2'><div class=\"fb-like\" width=\"200\" data-href=\"https:\/\/nandinbaker.com\/de\/nandin-music\/\"  data-send=\"false\" data-layout=\"button_count\" data-action=\"like\"><\/div><\/div><div  class='icon3'><a target='_blank' rel='noopener' href='https:\/\/www.facebook.com\/sharer\/sharer.php?u=https%3A%2F%2Fnandinbaker.com%2Fde%2Fwp-json%2Fwp%2Fv2%2Fpages%2F5' style='display:inline-block;'  > <img class='sfsi_wicon'  data-pin-nopin='true' alt='fb-share-icon' title='Facebook Share' src='https:\/\/nandinbaker.com\/wp-content\/plugins\/ultimate-social-media-icons\/images\/share_icons\/fb_icons\/en_US.svg' \/><\/a><\/div><\/div><\/div><\/div><\/div><div style='width:40px; height:40px;margin-left:5px;margin-bottom:5px; ' class='sfsi_wicons shuffeldiv' ><div class='inerCnt'><a class='sficn' data-effect='scale' target='_blank' rel='noopener'  href='https:\/\/www.youtube.com\/user\/Nandinbaker' id='sfsiid_youtube_icon' style='width:40px;height:40px;opacity:1;'  ><img data-pin-nopin='true' alt='YouTube' title='YouTube' src='https:\/\/nandinbaker.com\/wp-content\/plugins\/ultimate-social-media-icons\/images\/icons_theme\/crystal\/crystal_youtube.png' width='40' height='40' style='' class='sfcm sfsi_wicon' data-effect='scale'   \/><\/a><\/div><\/div><div style='width:40px; height:40px;margin-left:5px;margin-bottom:5px; ' class='sfsi_wicons shuffeldiv' ><div class='inerCnt'><a class='sficn' data-effect='scale' target='_blank' rel='noopener'  href='https:\/\/www.linkedin.com\/in\/nandin-kathleen-baker-360a6220\/' id='sfsiid_linkedin_icon' style='width:40px;height:40px;opacity:1;'  ><img data-pin-nopin='true' alt='LinkedIn' title='LinkedIn' src='https:\/\/nandinbaker.com\/wp-content\/plugins\/ultimate-social-media-icons\/images\/icons_theme\/crystal\/crystal_linkedin.png' width='40' height='40' style='' class='sfcm sfsi_wicon' data-effect='scale'   \/><\/a><div class=\"sfsi_tool_tip_2 linkedin_tool_bdr sfsiTlleft\" style=\"opacity:0;z-index:-1;\" id=\"sfsiid_linkedin\"><span class=\"bot_arow bot_linkedin_arow\"><\/span><div class=\"sfsi_inside\"><div  class='icon4'><a href='https:\/\/www.linkedin.com\/in\/nandin-kathleen-baker-360a6220\/' target='_blank' rel='noopener'><img data-pin-nopin='true' class='sfsi_wicon' alt='LinkedIn' title='LinkedIn' src='https:\/\/nandinbaker.com\/wp-content\/plugins\/ultimate-social-media-icons\/images\/visit_icons\/Visit_us_linkedin\/icon_en_US.svg' \/><\/a><\/div><div  class='icon1'><script type=\"IN\/FollowCompany\" data-id=\"10\" ><\/script><\/div><div  class='icon2'><a target='_blank' rel='noopener' href=\"https:\/\/www.linkedin.com\/sharing\/share-offsite\/?url=https%3A%2F%2Fnandinbaker.com%2Fde%2Fwp-json%2Fwp%2Fv2%2Fpages%2F5\"><img decoding=\"async\" class=\"sfsi_wicon\" data-pin-nopin= \"true\" alt=\"Share\" title=\"Share\" src=\"https:\/\/nandinbaker.com\/wp-content\/plugins\/ultimate-social-media-icons\/images\/share_icons\/Linkedin_Share\/en_US_share.svg\" \/><\/a><\/div><div  class='icon3'><script type=\"IN\/RecommendProduct\" data-company=\"10\" data-product=\"\"><\/script><\/div><\/div><\/div><\/div><\/div><div style='width:40px; height:40px;margin-left:5px;margin-bottom:5px; ' class='sfsi_wicons shuffeldiv' ><div class='inerCnt'><a class='sficn' data-effect='scale' target='_blank' rel='noopener'  href='https:\/\/www.instagram.com\/nandin.baker\/' id='sfsiid_instagram_icon' style='width:40px;height:40px;opacity:1;'  ><img data-pin-nopin='true' alt='Instagram' title='Instagram' src='https:\/\/nandinbaker.com\/wp-content\/plugins\/ultimate-social-media-icons\/images\/icons_theme\/crystal\/crystal_instagram.png' width='40' height='40' style='' class='sfcm sfsi_wicon' data-effect='scale'   \/><\/a><\/div><\/div><\/div><div id=\"sfsi_holder\" class=\"sfsi_holders\" style=\"position: relative; float: left;width:100%;z-index:-1;\"><\/div><script>window.addEventListener(\"sfsi_functions_loaded\", function()\n\t\t\t{\n\t\t\t\tif (typeof sfsi_widget_set == \"function\") {\n\t\t\t\t\tsfsi_widget_set();\n\t\t\t\t}\n\t\t\t}); jQuery( document ).ready(function( $ ) { sfsi_shuffle(); });<\/script><div style=\"clear: both;\"><\/div><\/div>\n<\/div>\n<\/div>\n\n\n\n<p>Meine Mailingliste abonnieren: <a onclick=\"return confirm('You are leaving this website. Are you sure?');\" title=\"Kontakt\" href=\"https:\/\/nandinbaker.com\/de\/contact\/\"><em>hier<\/em><\/a><\/p>\n\n\n\n<p><a href=\"https:\/\/nandinbaker.com\/de\/about-nandin\/\"><strong>\u00dcber Nandin und ihre Musik<\/strong><\/a><br><a href=\"https:\/\/nandinbaker.com\/de\/contact-nandin-music\/\" title=\"\"><strong>Kontakt<\/strong><\/a><\/p>\n<\/div>\n\n\n\n<div class=\"wp-block-column m1 m12 has-background is-layout-flow wp-block-column-is-layout-flow\" style=\"background-color:#d9d5ba\">\n<p style=\"margin-top:var(--wp--preset--spacing--30);font-size:1.4em\">Veranstaltungen \u2013 und mehr<\/p>\n\n\n\n<p><a href=\"https:\/\/nandinbaker.com\/de\/meditative-music-making\/\">Meditatives Musizieren<\/a><br><a href=\"https:\/\/nandinbaker.com\/de\/nandin-music\/\">Nandin Musik<\/a><br><a href=\"https:\/\/nandinbaker.com\/de\/redirect-to-bakermusik-de\/\" target=\"_blank\" rel=\"noopener\" title=\"\">Musikunterricht<\/a><br><a href=\"https:\/\/nandinbaker.com\/de\/events-with-nandin\/\" title=\"\">Veranstaltungen<\/a> <a data-type=\"page\" data-id=\"354\" href=\"https:\/\/nandinbaker.com\/de\/events-calendar\/\">Calendar<\/a><br><a href=\"https:\/\/nandinbaker.com\/de\/media-choice\/\">Medien<\/a><br><a href=\"https:\/\/nandinbaker.com\/de\/singing-silence\/\">Singende Stille<\/a><br><a href=\"https:\/\/nandinbaker.com\/de\/stress-release-through-music\/\">Stressabbau durch Musik<\/a><br><a href=\"\/de\/free-downloads\/\">Downloads und mehr<\/a><\/p>\n\n\n\n<div style=\"height:5px\" aria-hidden=\"true\" class=\"wp-block-spacer\"><\/div>\n<\/div>\n\n\n\n<div class=\"wp-block-column m1 m12 has-background is-layout-flow wp-block-column-is-layout-flow\" style=\"background-color:#d9d5ba\">\n<p style=\"margin-top:var(--wp--preset--spacing--30);font-size:1.4em\">Rechtliches<\/p>\n\n\n\n<p><a title=\"\" href=\"\/de\/impressum\/\">Impressum<\/a><br><a title=\"\" href=\"\/de\/privacy policy\/\">Datenschutzerkl\u00e4rung<\/a><br><a title=\"Allgemeine Gesch\u00e4ftsbedingungen\" href=\"https:\/\/nandinbaker.com\/de\/general-terms-and-conditions\/\">AGB<\/a><br><a title=\"Allgemeine Gesch\u00e4ftsbedingungen\" href=\"https:\/\/nandinbaker.com\/de\/general-terms-and-conditions\/\">Allgemeine Gesch\u00e4ftsbedingungen<\/a><br><a title=\"\" href=\"https:\/\/nandinbaker.com\/de\/cookie-policy-eu\/\">Cookie-Richtlinie (EU)<\/a><\/p>\n\n\n\n<p class=\"has-text-align-left\"><a href=\"https:\/\/nandinbaker.com\/de\/site-map\/\" target=\"_blank\" rel=\"noopener\" title=\"Seiten\u00fcbersicht\">Seiten\u00fcbersicht<\/a><\/p>\n\n\n\n<div style=\"height:1px\" aria-hidden=\"true\" class=\"wp-block-spacer\"><\/div>\n<\/div>\n<\/div>\n<\/div>\n<\/div>\n\n\n\n<p><\/p>","protected":false},"excerpt":{"rendered":"<p>I help music-lovers go from simply playing their instrument to achieving effortless creation through musical meditation. Nandin Music Nandin has devoted her [&hellip;]<\/p>\n","protected":false},"author":1,"featured_media":0,"parent":0,"menu_order":0,"comment_status":"closed","ping_status":"closed","template":"","meta":{"footnotes":""},"categories":[19,20],"tags":[95,37,94,38,96],"class_list":["post-5","page","type-page","status-publish","hentry","category-meditative-music-making","category-music-in-the-air","tag-concertsevents","tag-meditative-music-making","tag-music-lessons","tag-singing-silence","tag-stress-release-workshop"],"aioseo_notices":[],"_links":{"self":[{"href":"https:\/\/nandinbaker.com\/de\/wp-json\/wp\/v2\/pages\/5","targetHints":{"allow":["GET"]}}],"collection":[{"href":"https:\/\/nandinbaker.com\/de\/wp-json\/wp\/v2\/pages"}],"about":[{"href":"https:\/\/nandinbaker.com\/de\/wp-json\/wp\/v2\/types\/page"}],"author":[{"embeddable":true,"href":"https:\/\/nandinbaker.com\/de\/wp-json\/wp\/v2\/users\/1"}],"replies":[{"embeddable":true,"href":"https:\/\/nandinbaker.com\/de\/wp-json\/wp\/v2\/comments?post=5"}],"version-history":[{"count":169,"href":"https:\/\/nandinbaker.com\/de\/wp-json\/wp\/v2\/pages\/5\/revisions"}],"predecessor-version":[{"id":4883,"href":"https:\/\/nandinbaker.com\/de\/wp-json\/wp\/v2\/pages\/5\/revisions\/4883"}],"wp:attachment":[{"href":"https:\/\/nandinbaker.com\/de\/wp-json\/wp\/v2\/media?parent=5"}],"wp:term":[{"taxonomy":"category","embeddable":true,"href":"https:\/\/nandinbaker.com\/de\/wp-json\/wp\/v2\/categories?post=5"},{"taxonomy":"post_tag","embeddable":true,"href":"https:\/\/nandinbaker.com\/de\/wp-json\/wp\/v2\/tags?post=5"}],"curies":[{"name":"wp","href":"https:\/\/api.w.org\/{rel}","templated":true}]}}