{"id":3463,"date":"2025-02-14T12:29:10","date_gmt":"2025-02-14T11:29:10","guid":{"rendered":"https:\/\/nandinmusic.com\/?page_id=3463"},"modified":"2026-03-28T13:55:33","modified_gmt":"2026-03-28T12:55:33","slug":"meditative-music-making-subscribe","status":"publish","type":"page","link":"https:\/\/nandinbaker.com\/de\/meditative-music-making-subscribe\/","title":{"rendered":"M\u00f6chten Sie mehr \u00fcber meditatives Musizieren erfahren? Laden Sie hier den Leitfaden f\u00fcr Einsteiger herunter:"},"content":{"rendered":"\n<div class=\"wp-block-columns is-layout-flex wp-container-core-columns-is-layout-28f84493 wp-block-columns-is-layout-flex\">\n<div class=\"wp-block-column is-layout-flow wp-block-column-is-layout-flow\" style=\"flex-basis:80%\"><div class=\"aioseo-breadcrumbs\"><span class=\"aioseo-breadcrumb\">\n\t\t\tHome\n\t\t<\/span><\/div>\n<\/div>\n\n\n\n<div class=\"wp-block-column is-layout-flow wp-block-column-is-layout-flow\"><div class=\"trp-shortcode-switcher__wrapper\"\r\n     style=\"--bg:#ffffff;--bg-hover:#0000000d;--text:#143852;--text-hover:#1d2327;--border:1px solid #000000;--border-width:1px;--border-color:#000000;--border-radius:5px;--flag-radius:2px;--flag-size:20px;--aspect-ratio:4\/3;--font-size:16px;--transition-duration:0.2s\"\r\n     role=\"group\"\r\n     data-open-mode=\"hover\">\r\n\r\n    \r\n        <!-- ANCHOR (in-flow only; sizing\/borders; inert) -->\r\n        <div class=\"trp-language-switcher trp-ls-dropdown trp-shortcode-switcher trp-shortcode-anchor trp-open-on-hover\"\r\n             aria-hidden=\"true\"\r\n             inert\r\n             data-no-translation>\r\n                <div class=\"trp-current-language-item__wrapper\">\r\n        <a class=\"trp-language-item trp-language-item__default trp-language-item__current\" data-no-translation href=\"https:\/\/nandinbaker.com\/de\/wp-json\/wp\/v2\/pages\/3463#TRPLINKPROCESSED\" title=\"Deutsch\"><img decoding=\"async\" src=\"https:\/\/nandinbaker.com\/wp-content\/plugins\/translatepress-multilingual\/assets\/flags\/4x3\/de_DE.svg\" class=\"trp-flag-image\" alt=\"\" role=\"presentation\" loading=\"lazy\" \/><span class=\"trp-language-item-name\">Deutsch<\/span><\/a>                    <svg class=\"trp-shortcode-arrow\" width=\"20\" height=\"20\" viewBox=\"0 0 20 21\" fill=\"none\" aria-hidden=\"true\" focusable=\"false\" xmlns=\"http:\/\/www.w3.org\/2000\/svg\">\r\n                <path d=\"M5 8L10 13L15 8\" stroke=\"var(--text)\" stroke-width=\"2\" stroke-linecap=\"round\" stroke-linejoin=\"round\"\/>\r\n            <\/svg>\r\n            <\/div>\r\n            <\/div>\r\n\r\n        <!-- OVERLAY (positioned; interactive surface) -->\r\n        <div class=\"trp-language-switcher trp-ls-dropdown trp-shortcode-switcher trp-shortcode-overlay trp-open-on-hover\"\r\n             role=\"navigation\"\r\n             aria-label=\"Website language selector\"\r\n             data-no-translation\r\n        >\r\n                <div class=\"trp-current-language-item__wrapper\">\r\n        <div class=\"trp-language-item trp-language-item__default trp-language-item__current\" data-no-translation role=\"button\" aria-expanded=\"false\" tabindex=\"0\" aria-label=\"Change language\" aria-controls=\"trp-shortcode-dropdown-69d2912b40536\"><img decoding=\"async\" src=\"https:\/\/nandinbaker.com\/wp-content\/plugins\/translatepress-multilingual\/assets\/flags\/4x3\/de_DE.svg\" class=\"trp-flag-image\" alt=\"\" role=\"presentation\" loading=\"lazy\" \/><span class=\"trp-language-item-name\">Deutsch<\/span><\/div>                    <svg class=\"trp-shortcode-arrow\" width=\"20\" height=\"20\" viewBox=\"0 0 20 21\" fill=\"none\" aria-hidden=\"true\" focusable=\"false\" xmlns=\"http:\/\/www.w3.org\/2000\/svg\">\r\n                <path d=\"M5 8L10 13L15 8\" stroke=\"var(--text)\" stroke-width=\"2\" stroke-linecap=\"round\" stroke-linejoin=\"round\"\/>\r\n            <\/svg>\r\n            <\/div>\r\n    \r\n            <div class=\"trp-switcher-dropdown-list\"\r\n                 id=\"trp-shortcode-dropdown-69d2912b40536\"\r\n                 role=\"group\"\r\n                 aria-label=\"Available languages\"\r\n                 hidden\r\n                 inert\r\n            >\r\n                                                            <a class=\"trp-language-item\" href=\"https:\/\/nandinbaker.com\/de\/wp-json\/wp\/v2\/pages\/3463#TRPLINKPROCESSED\" title=\"English (Canada)\">\r\n                            <img decoding=\"async\" src=\"https:\/\/nandinbaker.com\/wp-content\/plugins\/translatepress-multilingual\/assets\/flags\/4x3\/en_CA.svg\" class=\"trp-flag-image\" alt=\"\" role=\"presentation\" loading=\"lazy\" \/>                                                            <span class=\"trp-language-item-name\" data-no-translation>English (Canada)<\/span>\r\n                                                                                <\/a>\r\n                                                <\/div>\r\n        <\/div>\r\n\r\n    <\/div>\r\n\n<\/div>\n<\/div>\n\n\n\n<h2 style=\"text-align:center;\" hidden>Creativity and Music over a backdrop of Inner\u00a0Silence<\/h2>\n\n\n\n<div style=\"height:0\" aria-hidden=\"true\" class=\"wp-block-spacer\"><\/div>\n\n\n\n<p class=\"has-white-color has-text-color has-link-color wp-elements-3dc4f0cb8191874a87c0691aa2cd2fd5\" style=\"font-size:0px\">Meditative Music Making<\/p>\n\n\n\n<div id=\"mc_embed_shell\">\n      <link href=\"\/\/cdn-images.mailchimp.com\/embedcode\/classic-061523.css\" rel=\"stylesheet\" type=\"text\/css\">\n  <style type=\"text\/css\">\n        #mc_embed_signup{background:#fff; false; clear:left; font:14px Helvetica,Arial,sans-serif; width: 1000px;}\n        \/* Add your own Mailchimp form style overrides in your site stylesheet or in this style block.\n           We recommend moving this block and the preceding CSS link to the HEAD of your HTML file. *\/\n  #mc_embed_parent {\n    position: relative;\n  }\n  #mc_embed_signup {\n    width: 1000px;\n    outline: solid 1px black;\n    padding:0px 20px 20px 20px; \n    background-color:#ffe79a; \n    font-size:18px;\n    position: relative;\n    left: 0; right: 0;\n    margin:auto;\n  }\n  <\/style>\n  <style type=\"text\/css\">\n        #mc-embedded-subscribe-form input[type=checkbox]{width: auto;margin-right: 10px;}\n\t\t#mergeRow-gdpr {margin-top: 20px;}\n\t\t#mergeRow-gdpr fieldset label {font-weight: normal;}\n\t\t#mc-embedded-subscribe-form .mc_fieldset{border:none;min-height: 0px; padding-bottom: 0px;}\n  <\/style>\n\n<div id=\"mc_embed_parent\" class=\"mc_embed_parent\">\n<div id=\"mc_embed_signup\" class=\"mc_embed_signup\" style=\"background-color:#ffe79a;\">\n    <form action=\"https:\/\/nandinmusic.us8.list-manage.com\/subscribe\/post?u=425a9d6f54cc1e27177873bc2&amp;id=fb1bdc39e2&amp;v_id=3683&amp;f_id=00a0c7e2f0\" method=\"post\" id=\"mc-embedded-subscribe-form\" name=\"mc-embedded-subscribe-form\" class=\"validate\" target=\"_blank\">\n    <div id=\"mc_embed_signup_scroll\">\n        <!-- div class=\"indicates-required\"  style=\"font-size:0.85em;\"><span class=\"asterisk\">*<\/span> indicates required<\/div -->\n        <div class=\"mc-field-group\"><label for=\"mce-EMAIL\" style=\"margin-top:30px;font-weight:bold;\">Email Address <span class=\"asterisk\">*&nbsp;<\/span><\/label><br><input type=\"email\" name=\"EMAIL\" class=\"required email\" id=\"mce-EMAIL\" required=\"\" value=\"\"><\/div>\n\t\t<div class=\"mc-field-group\"><label for=\"mce-FNAME\" style=\"padding-left:0px; margin-top:30px; font-weight:bold;\">First Name&nbsp; <\/label><br><input type=\"text\" name=\"FNAME\" class=\" text\" id=\"mce-FNAME\" value=\"\">\n\t\t<\/div>\n        <div class=\"indicates-required\"  style=\"font-size:0.85em; margin-top:1em; margin-bottom:1em;\"><span class=\"asterisk\">*<\/span> indicates required<\/div>\n\t\t<div id=\"mergeRow-gdpr\" class=\"mergeRow gdpr-mergeRow content__gdprBlock mc-field-group\">\n\t\t\t<div class=\"content__gdpr\"><label><strong>Marketing Permissions<\/strong><\/label><p>I&#8217;ll use the information you provide on this form to be in touch with you and to provide updates. Please check the email box below.<\/p>\n\t\t\t\n\t\t\t<fieldset class=\"mc_fieldset gdprRequired mc-field-group\" name=\"interestgroup_field\">\n\t\t\t  <label class=\"checkbox subfield\" for=\"gdpr6069\">\n\t\t\t  <div style=\"width:120px;\">  \n\t\t\t    <table>\n\t\t\t\t<tr>\n\t\t\t\t<td style=\"border:0px; padding-bottom:10px;\"><input type=\"checkbox\" id=\"gdpr_6069\" name=\"gdpr[6069]\" class=\"gdpr\" style=\"width:40px; height:20px;\" value=\"Y\"><\/td>\n\t\t\t\t<td style=\"border:0px; font-weight:bold\"><span>Email<\/span><\/td>\n\t\t\t\t<\/tr>\n\t\t\t\t<\/table>\n              <\/div>\n\t\t\t  <\/label>\n\t\t\t<\/fieldset>\n\t\t\t\n\t\t\t<p style=\"margin-top:5px; font-size:0.85em;\">You can unsubscribe at any time.\n\t\t\tI will treat your information with respect. For more information about my privacy practices please visit my website nandinbaker.com. By clicking on the  Subscribe button, you agree to these terms.<\/p>\n\t\t\t<\/div>\n\t\t\t<div class=\"content__gdprLegal\"><p style=\"font-size:0.85em;\">We use Mailchimp as our marketing platform. By clicking below to subscribe, you acknowledge that youinformation will be transferred to Mailchimp for processing. <a href=\"https:\/\/mailchimp.com\/legal\/terms\">Learn more<\/a> about Mailchimp&#8217;s privacy practices.<\/p>\n\t\t\t<\/div>\n\t\t<\/div>\n        <div id=\"mce-responses\" class=\"clear foot\">\n            <div class=\"response\" id=\"mce-error-response\" style=\"display: none;\"><\/div>\n            <div class=\"response\" id=\"mce-success-response\" style=\"display: none;\"><\/div>\n        <\/div>\n\t\t<div style=\"position: absolute; left: -5000px;\" aria-hidden=\"true\">\n\t\t\t\/* real people should not fill this in and expect good things &#8211; do not remove this or risk form bot signups *\/\n\t\t\t<input type=\"text\" name=\"b_425a9d6f54cc1e27177873bc2_fb1bdc39e2\" tabindex=\"-1\" value=\"\">\n\t\t<\/div>\n\t\t<div class=\"optionalParent\">\n            <div class=\"clear foot\">\n                <input type=\"submit\" name=\"subscribe\" id=\"mc-embedded-subscribe\" class=\"button\" value=\"Subscribe\" style=\"background-color:#3e828d;\">\n                <p style=\"margin: 0px auto;\"><a href=\"http:\/\/eepurl.com\/i6dnMs\" title=\"Mailchimp - email marketing made easy and fun\"><span style=\"display: inline-block; background-color: transparent; border-radius: 4px;\"><img decoding=\"async\" class=\"refferal_badge\" src=\"https:\/\/digitalasset.intuit.com\/render\/content\/dam\/intuit\/mc-fe\/en_us\/images\/intuit-mc-rewards-text-dark.svg\" alt=\"Intuit Mailchimp\" style=\"width: 220px; height: 40px; display: flex; padding: 2px 0px; justify-content: center; align-items: center;\"><\/span><\/a><\/p>\n            <\/div>\n\t\t<\/div>\n    <\/div>\n<\/form>\n<\/div>\n<\/div>\n\n<script type=\"text\/javascript\" src=\"\/\/s3.amazonaws.com\/downloads.mailchimp.com\/js\/mc-validate.js\"><\/script><script type=\"text\/javascript\">(function($) {window.fnames = new Array(); window.ftypes = new Array();fnames[0]='EMAIL';ftypes[0]='email';fnames[1]='FNAME';ftypes[1]='text';fnames[2]='LNAME';ftypes[2]='text';}(jQuery));var $mcj = jQuery.noConflict(true);\n<\/script>\n<\/div>\n\n\n\n<div style=\"height:10px\" aria-hidden=\"true\" class=\"wp-block-spacer\"><\/div>\n","protected":false},"excerpt":{"rendered":"<p>Creativity and Music over a backdrop of Inner\u00a0Silence Meditative Music Making Email Address *&nbsp; First Name&nbsp; * indicates required Marketing Permissions I&#8217;ll [&hellip;]<\/p>\n","protected":false},"author":1,"featured_media":0,"parent":0,"menu_order":0,"comment_status":"closed","ping_status":"closed","template":"","meta":{"footnotes":""},"categories":[21,121],"tags":[122,37],"class_list":["post-3463","page","type-page","status-publish","hentry","category-media","category-workshops","tag-beginners-guide","tag-meditative-music-making"],"aioseo_notices":[],"_links":{"self":[{"href":"https:\/\/nandinbaker.com\/de\/wp-json\/wp\/v2\/pages\/3463","targetHints":{"allow":["GET"]}}],"collection":[{"href":"https:\/\/nandinbaker.com\/de\/wp-json\/wp\/v2\/pages"}],"about":[{"href":"https:\/\/nandinbaker.com\/de\/wp-json\/wp\/v2\/types\/page"}],"author":[{"embeddable":true,"href":"https:\/\/nandinbaker.com\/de\/wp-json\/wp\/v2\/users\/1"}],"replies":[{"embeddable":true,"href":"https:\/\/nandinbaker.com\/de\/wp-json\/wp\/v2\/comments?post=3463"}],"version-history":[{"count":21,"href":"https:\/\/nandinbaker.com\/de\/wp-json\/wp\/v2\/pages\/3463\/revisions"}],"predecessor-version":[{"id":4913,"href":"https:\/\/nandinbaker.com\/de\/wp-json\/wp\/v2\/pages\/3463\/revisions\/4913"}],"wp:attachment":[{"href":"https:\/\/nandinbaker.com\/de\/wp-json\/wp\/v2\/media?parent=3463"}],"wp:term":[{"taxonomy":"category","embeddable":true,"href":"https:\/\/nandinbaker.com\/de\/wp-json\/wp\/v2\/categories?post=3463"},{"taxonomy":"post_tag","embeddable":true,"href":"https:\/\/nandinbaker.com\/de\/wp-json\/wp\/v2\/tags?post=3463"}],"curies":[{"name":"wp","href":"https:\/\/api.w.org\/{rel}","templated":true}]}}