{"id":2099,"date":"2023-01-21T11:50:16","date_gmt":"2023-01-21T10:50:16","guid":{"rendered":"https:\/\/nandinmusic.com\/?page_id=2099"},"modified":"2026-03-07T14:55:38","modified_gmt":"2026-03-07T13:55:38","slug":"general-terms-and-conditions","status":"publish","type":"page","link":"https:\/\/nandinbaker.com\/de\/general-terms-and-conditions\/","title":{"rendered":"Allgemeine Gesch\u00e4ftsbedingungen"},"content":{"rendered":"<div class=\"wp-block-columns is-layout-flex wp-container-core-columns-is-layout-28f84493 wp-block-columns-is-layout-flex\">\n<div class=\"wp-block-column is-layout-flow wp-block-column-is-layout-flow\" style=\"flex-basis:100%\">\n<h2 class=\"wp-block-heading\" style=\"font-size:1.8em\">Allgemeine Gesch\u00e4ftsbedingungen der Music and Soundscapes, Kathleen Baker<\/h2>\n<\/div>\n<\/div>\n\n\n\n<div class=\"wp-block-columns is-layout-flex wp-container-core-columns-is-layout-28f84493 wp-block-columns-is-layout-flex\">\n<div class=\"wp-block-column is-layout-flow wp-block-column-is-layout-flow\" style=\"flex-basis:80%\"><div class=\"aioseo-breadcrumbs\"><span class=\"aioseo-breadcrumb\">\n\t\t\tStart\n\t\t<\/span><\/div>\n<\/div>\n\n\n\n<div class=\"wp-block-column is-layout-flow wp-block-column-is-layout-flow\"><div class=\"trp-shortcode-switcher__wrapper\"\r\n     style=\"--bg:#ffffff;--bg-hover:#0000000d;--text:#143852;--text-hover:#1d2327;--border:1px solid #000000;--border-width:1px;--border-color:#000000;--border-radius:5px;--flag-radius:2px;--flag-size:20px;--aspect-ratio:4\/3;--font-size:16px;--transition-duration:0.2s\"\r\n     role=\"group\"\r\n     data-open-mode=\"hover\">\r\n\r\n    \r\n        <!-- ANCHOR (in-flow only; sizing\/borders; inert) -->\r\n        <div class=\"trp-language-switcher trp-ls-dropdown trp-shortcode-switcher trp-shortcode-anchor trp-open-on-hover\"\r\n             aria-hidden=\"true\"\r\n             inert\r\n data-no-translation>\r\n                <div class=\"trp-current-language-item__wrapper\">\r\n        <a class=\"trp-language-item trp-language-item__default trp-language-item__current\" data-no-translation href=\"https:\/\/nandinbaker.com\/de\/wp-json\/wp\/v2\/pages\/2099\" title=\"Deutsch\"><img decoding=\"async\" src=\"https:\/\/nandinbaker.com\/wp-content\/plugins\/translatepress-multilingual\/assets\/flags\/4x3\/de_DE.svg\" class=\"trp-flag-image\" alt=\"\" role=\"presentation\" loading=\"lazy\" \/><span class=\"trp-language-item-name\">Deutsch<\/span><\/a>                    <svg class=\"trp-shortcode-arrow\" width=\"20\" height=\"20\" viewbox=\"0 0 20 21\" fill=\"none\" aria-hidden=\"true\" focusable=\"false\" xmlns=\"http:\/\/www.w3.org\/2000\/svg\">\r\n                <path d=\"M5 8L10 13L15 8\" stroke=\"var(--text)\" stroke-width=\"2\" stroke-linecap=\"round\" stroke-linejoin=\"round\"\/>\r\n            <\/svg>\r\n            <\/div>\r\n            <\/div>\r\n\r\n        <!-- OVERLAY (positioned; interactive surface) -->\r\n        <div class=\"trp-language-switcher trp-ls-dropdown trp-shortcode-switcher trp-shortcode-overlay trp-open-on-hover\"\r\n             role=\"navigation\"\r\n             aria-label=\"Website language selector\"\r\n             data-no-translation\r\n>\r\n                <div class=\"trp-current-language-item__wrapper\">\r\n        <div class=\"trp-language-item trp-language-item__default trp-language-item__current\" data-no-translation role=\"button\" aria-expanded=\"false\" tabindex=\"0\" aria-label=\"Change language\" aria-controls=\"trp-shortcode-dropdown-69d0601e69471\"><img decoding=\"async\" src=\"https:\/\/nandinbaker.com\/wp-content\/plugins\/translatepress-multilingual\/assets\/flags\/4x3\/de_DE.svg\" class=\"trp-flag-image\" alt=\"\" role=\"presentation\" loading=\"lazy\" \/><span class=\"trp-language-item-name\">Deutsch<\/span><\/div>                    <svg class=\"trp-shortcode-arrow\" width=\"20\" height=\"20\" viewbox=\"0 0 20 21\" fill=\"none\" aria-hidden=\"true\" focusable=\"false\" xmlns=\"http:\/\/www.w3.org\/2000\/svg\">\r\n                <path d=\"M5 8L10 13L15 8\" stroke=\"var(--text)\" stroke-width=\"2\" stroke-linecap=\"round\" stroke-linejoin=\"round\"\/>\r\n            <\/svg>\r\n            <\/div>\r\n    \r\n            <div class=\"trp-switcher-dropdown-list\"\r\n                 id=\"trp-shortcode-dropdown-69d0601e69471\"\r\n                 role=\"group\"\r\n                 aria-label=\"Available languages\"\r\n                 hidden\r\n inert\r\n>\r\n                                                            <a class=\"trp-language-item\" href=\"https:\/\/nandinbaker.com\/de\/wp-json\/wp\/v2\/pages\/2099\" title=\"English (Canada)\">\r\n                            <img decoding=\"async\" src=\"https:\/\/nandinbaker.com\/wp-content\/plugins\/translatepress-multilingual\/assets\/flags\/4x3\/en_CA.svg\" class=\"trp-flag-image\" alt=\"\" role=\"presentation\" loading=\"lazy\" \/>                                                            <span class=\"trp-language-item-name\" data-no-translation>English (Canada)<\/span>\r\n                                                                                <\/a>\r\n                                                <\/div>\r\n        <\/div>\r\n\r\n    <\/div>\r\n\n<\/div>\n<\/div>\n\n\n\n<div class=\"wp-block-columns is-layout-flex wp-container-core-columns-is-layout-28f84493 wp-block-columns-is-layout-flex\">\n<div class=\"wp-block-column m0 has-background is-layout-flow wp-block-column-is-layout-flow\" style=\"background-color:#f2f2f2;flex-basis:30%\">\n<div style=\"height:10px\" aria-hidden=\"true\" class=\"wp-block-spacer\"><\/div>\n\n\n\n<hr class=\"wp-block-separator has-alpha-channel-opacity\"\/>\n\n\n\n<div style=\"height:30px\" aria-hidden=\"true\" class=\"wp-block-spacer\"><\/div>\n\n\n\n<figure class=\"wp-block-image size-full\"><img loading=\"lazy\" decoding=\"async\" width=\"320\" height=\"333\" src=\"https:\/\/nandinbaker.com\/wp-content\/uploads\/2022\/11\/Nandin-in-Spain.jpg\" alt=\"Nandin, General Terms and Conditions\" class=\"wp-image-167\" srcset=\"https:\/\/nandinbaker.com\/wp-content\/uploads\/2022\/11\/Nandin-in-Spain.jpg 320w, https:\/\/nandinbaker.com\/wp-content\/uploads\/2022\/11\/Nandin-in-Spain-288x300.jpg 288w, https:\/\/nandinbaker.com\/wp-content\/uploads\/2022\/11\/Nandin-in-Spain-230x239.jpg 230w\" sizes=\"auto, (max-width: 320px) 100vw, 320px\" \/><\/figure>\n<\/div>\n\n\n\n<div class=\"wp-block-column m0 has-white-background-color has-background is-layout-flow wp-block-column-is-layout-flow\" style=\"flex-basis:70%\">\n<h2 class=\"wp-block-heading\" style=\"font-size:2.8em\">Allgemeine Gesch\u00e4ftsbedingungen <\/h2>\n\n\n\n<h3 class=\"wp-block-heading\">1. Geltung gegen\u00fcber Unternehmern und Begriffsdefinitionen<\/h3>\n\n\n\n<p>(1) Die nachfolgenden Allgemeinen Gesch\u00e4ftbedingungen gelten f\u00fcr alle Lieferungen zwischen uns und einem Verbraucher in ihrer zum Zeitpunkt der Bestellung g\u00fcltigen Fassung.<br>Verbraucher ist jede nat\u00fcrliche Person, die ein Rechtsgesch\u00e4ft zu Zwecken abschlie\u00dft, die \u00fcberwiegend weder ihrer gewerblichen noch ihrer selbst\u00e4ndigen beruflichen T\u00e4tigkeit zugerechnet werden k\u00f6nnen (\u00a7 13 BGB).<br><\/p>\n\n\n\n<h3 class=\"wp-block-heading\">2. Zustandekommen eines Vertrages, Speicherung des Vertragstextes<\/h3>\n\n\n\n<p>(1) Die folgenden Regelungen \u00fcber den Vertragsabschluss gelten f\u00fcr Bestellungen \u00fcber unseren Internetshop https:\/\/nandinbaker.com .<\/p>\n\n\n\n<p>(2) Im Falle des Vertragsschlusses kommt der Vertrag mit<br><br><strong>Music and Soundscapes<br>Kathleen Baker<br>Weidenweg 5<br>D-51491 Overath<br>Deutschland<\/strong><\/p>\n\n\n\n<p>zustande.<\/p>\n\n\n\n<p>(3) Die Pr\u00e4sentation der Waren in unserem Internetshop stellen kein rechtlich bindendes Vertragsangebot unsererseits dar, sondern sind nur eine unverbindliche Aufforderungen an den Verbraucher, Waren zu bestellen. Mit der Bestellung der gew\u00fcnschten Ware gibt der Verbraucher ein f\u00fcr ihn verbindliches Angebot auf Abschluss eines Kaufvertrages ab.<\/p>\n\n\n\n<p>Die Annahme des Angebots erfolgt per Email, schriftlich oder in Textform oder durch \u00dcbersendung der bestellten Ware innerhalb von einer Woche. Nach fruchtlosem Ablauf der Frist gilt das Angebot als abgelehnt.<\/p>\n\n\n\n<p>(4) Bei Eingang einer Bestellung in unserem Internetshop gelten folgende Regelungen: Der Verbraucher gibt ein bindendes Vertragsangebot ab, indem er die in unserem Internetshop vorgesehene Bestellprozedur erfolgreich durchl\u00e4uft.<\/p>\n\n\n\n<p>Die Bestellung erfolgt in folgenden Schritten:<br>1) Auswahl der gew\u00fcnschten Ware<br>2) Bestell-Email senden<br><br>Der Verbraucher kann die Bestellung vor Versand per Email stornieren. Die Annahme des Angebots erfolgt per Email, schriftlich, in Textform oder durch \u00dcbersendung der bestellten Ware innerhalb einer Woche.<\/p>\n\n\n\n<p>(5) Storage of the contract text for orders via our internet store: We will send you the order data and our GTC by e-mail. You can also view the GTC at any time at https:\/\/nandinbaker.com\/general-terms-and-conditions. For security reasons, your order data is no longer accessible via the Internet.<\/p>\n\n\n\n<h3 class=\"wp-block-heading\">3. Preise, Versandkosten, Zahlung, F\u00e4lligkeit<\/h3>\n\n\n\n<p>(1) Die angegebenen Preise enthalten die gesetzliche Umsatzsteuer und sonstige Preisbestandteile. Hinzu kommen etwaige Versandkosten.<br><br>(2) Der Verbraucher hat die M\u00f6glichkeit der Zahlung per Vorkasse .<br><br>(3) Hat der Verbraucher die Zahlung per Vorkasse gew\u00e4hlt, so verpflichtet er sich, den Kaufpreis unverz\u00fcglich nach Vertragsschluss zu zahlen.<\/p>\n\n\n\n<h3 class=\"wp-block-heading\">4. Lieferung<\/h3>\n\n\n\n<p>(1) Sofern wir dies in der Produktbeschreibung nicht deutlich anders angegeben haben, sind alle von uns angebotenen Artikel sofort versandfertig. Die Lieferung erfolgt hier sp\u00e4testen innerhalb von 5 Werktagen. Dabei beginnt die Frist f\u00fcr die Lieferung am Tag nach Vertragsschluss zu laufen. F\u00e4llt das Fristende auf einen Samstag, Sonntag oder gesetzlichen Feiertag am Lieferort, so endet die Frist am n\u00e4chsten Werktag.<br><br>(2) Die Gefahr des zuf\u00e4lligen Untergangs und der zuf\u00e4lligen Verschlechterung der verkauften Sache geht auch beim Versendungskauf erst mit der \u00dcbergabe der Sache an den K\u00e4ufer auf diesen \u00fcber.<\/p>\n\n\n\n<h3 class=\"wp-block-heading\">5. Eigentumsvorbehalt<\/h3>\n\n\n\n<p>Wir behalten uns das Eigentum an der Ware bis zur vollst\u00e4ndigen Bezahlung des Kaufpreises vor.<\/p>\n\n\n\n<h3 class=\"wp-block-heading\">Widerrufsrecht des Kunden als Verbraucher:<\/h3>\n\n\n\n<h4 class=\"wp-block-heading\">Widerrufsrecht f\u00fcr Verbraucher<\/h4>\n\n\n\n<p>Verbrauchern steht ein Widerrufsrecht nach folgender Ma\u00dfgabe zu, wobei Verbraucher jede nat\u00fcrliche Person ist, die ein Rechtsgesch\u00e4ft zu Zwecken abschlie\u00dft, die \u00fcberwiegend weder ihrer gewerblichen noch ihrer selbst\u00e4ndigen beruflichen T\u00e4tigkeit zugerechnet werden k\u00f6nnen:<\/p>\n\n\n\n<h4 class=\"wp-block-heading has-text-align-center\">Widerrufsbelehrung<\/h4>\n\n\n\n<h5 class=\"wp-block-heading has-text-align-left\">Widerrufsrecht<\/h5>\n\n\n\n<p>Sie haben das Recht, binnen vierzehn Tagen ohne Angabe von Gr\u00fcnden diesen Vertrag zu widerrufen.<br>Die Widerrufsfrist betr\u00e4gt vierzehn Tage, ab dem Tag, an dem Sie oder ein von Ihnen benannter Dritter, der nicht der Bef\u00f6rderer ist, die Waren in Besitz genommen haben bzw. hat.<br>Um Ihr Widerrufsrecht auszu\u00fcben, m\u00fcssen Sie uns<\/p>\n\n\n\n<p><strong>Music and Soundscapes<br>Kathleen Baker<br>Weidenweg 5<br>D-51491 Overath<br>Deutschland<\/strong><br><strong><br>E-Mail <a href=\"mailto:info@nandinbaker.com\" target=\"_blank\" rel=\"noopener\" title=\"\">info (at) nandinbaker.com<\/a><br>Tel. +49 2206 86 70 673<br>Mobil +49 172 436 2012<\/strong><\/p>\n\n\n\n<p>mittels einer eindeutigen Erkl\u00e4rung (z.B. ein mit der Post versandter Brief, Telefax oder E-Mail) \u00fcber Ihren Entschluss, diesen Vertrag zu widerrufen, informieren. Sie k\u00f6nnen daf\u00fcr das beigef\u00fcgte Muster-Widerrufsformular verwenden, das jedoch nicht vorgeschrieben ist.<\/p>\n\n\n\n<h5 class=\"wp-block-heading\">Widerrufsfolgen<\/h5>\n\n\n\n<p>Wenn Sie diesen Vertrag widerrufen, haben wir Ihnen alle Zahlungen, die wir von Ihnen erhalten haben, einschlie\u00dflich der Lieferkosten (mit Ausnahme der zus\u00e4tzlichen Kosten, die sich daraus ergeben, dass Sie eine andere Art der Lieferung als die von uns angebotene, g\u00fcnstigste Standardlieferung gew\u00e4hlt haben), unverz\u00fcglich und sp\u00e4testens binnen vierzehn Tagen ab dem Tag zur\u00fcckzuzahlen, an dem die Mitteilung \u00fcber Ihren Widerruf dieses Vertrags bei uns eingegangen ist. F\u00fcr diese R\u00fcckzahlung verwenden wir dasselbe Zahlungsmittel, das Sie bei der urspr\u00fcnglichen Transaktion eingesetzt haben, es sei denn, mit Ihnen wurde ausdr\u00fccklich etwas anderes vereinbart; in keinem Fall werden Ihnen wegen dieser R\u00fcckzahlung Entgelte berechnet.<br><br>Wir k\u00f6nnen die R\u00fcckzahlung verweigern, bis wir die Waren wieder zur\u00fcckerhalten haben oder bis Sie den Nachweis erbracht haben, dass Sie die Waren zur\u00fcckgesandt haben, je nachdem, welches der fr\u00fchere Zeitpunkt ist.<br><br>Sie haben die Waren unverz\u00fcglich und in jedem Fall sp\u00e4testens binnen vierzehn Tagen ab dem Tag, an dem Sie uns \u00fcber den Widerruf dieses Vertrages unterrichten, an uns zur\u00fcckzusenden oder zu \u00fcbergeben. Die Frist ist gewahrt, wenn Sie die Waren vor Ablauf der Frist von vierzehn Tagen absenden.<br><br>Sie tragen die unmittelbaren Kosten der R\u00fccksendung der Waren.<\/p>\n\n\n\n<h3 class=\"wp-block-heading\">Widerrufsformular<\/h3>\n\n\n\n<p>Wenn Sie den Vertrag widerrufen m\u00f6chten, <strong>laden Sie bitte <a href=\"https:\/\/nandinbaker.com\/wp-content\/uploads\/2023\/01\/AGB-Widerrufsformular-2023.pdf\" target=\"_blank\" rel=\"noopener\" title=\"\">dieses Formular<\/a><\/strong> herunter und senden es ausgef\u00fcllt an:<\/p>\n\n\n\n<p>Music and Soundscapes<br>Kathleen Baker<br>Weidenweg 5<br>D-51491 Overath<br>Deutschland<br>E-Mail: <a href=\"mailto:info@nandinbaker.com\" target=\"_blank\" rel=\"noopener\" title=\"\">info (at) nandinbaker.com<\/a><\/p>\n\n\n\n<h3 class=\"wp-block-heading\">8. Gew\u00e4hrleistung<\/h3>\n\n\n\n<p>Es gelten die gesetzlichen Gew\u00e4hrleistungsregelungen.<\/p>\n\n\n\n<h3 class=\"wp-block-heading\">9. Vertragssprache<\/h3>\n\n\n\n<p>Als Vertragssprache stehen Deutsch und Englisch zur Verf\u00fcgung.<\/p>\n\n\n\n<h3 class=\"wp-block-heading\">10. Kundendienst<\/h3>\n\n\n\n<p>Unser Kundendienst f\u00fcr Fragen, Reklamationen und Beanstandungen steht Ihnen werktags von 9:00 Uhr bis 18:00 Uhr unter<\/p>\n\n\n\n<p>Tel.: +49 2206 8670673<br>E-mail: <a href=\"mailto:info@nandinbaker.com\" target=\"_blank\" rel=\"noopener\" title=\"\">info (at) nandinbaker.com<\/a><\/p>\n\n\n\n<div style=\"height:100px\" aria-hidden=\"true\" class=\"wp-block-spacer\"><\/div>\n\n\n\n<p><strong>Quelle:<\/strong><br><a href=\"https:\/\/www.agb.de\/\" target=\"_blank\" rel=\"noopener\" title=\"\"><i>Gratis AGB<\/i><\/a><i> erstellt von agb.de<\/i><\/p>\n\n\n\n<p>\u00dcbersetzt unter Zuhilfenahme von <a href=\"http:\/\/www.DeepL.com\/Translator\" target=\"_blank\" rel=\"noopener\" title=\"\">www.DeepL.com\/Translator<\/a><br>Last update: Jan. 2023<\/p>\n<\/div>\n<\/div>\n\n\n\n<div class=\"wp-block-columns is-layout-flex wp-container-core-columns-is-layout-28f84493 wp-block-columns-is-layout-flex\">\n<div class=\"wp-block-column is-layout-flow wp-block-column-is-layout-flow\">\n<div style=\"height:40px\" aria-hidden=\"true\" class=\"wp-block-spacer\"><\/div>\n\n\n\n<div class=\"wp-block-columns is-layout-flex wp-container-core-columns-is-layout-28f84493 wp-block-columns-is-layout-flex\">\n<div class=\"wp-block-column m1 m12 m13 has-background is-layout-flow wp-block-column-is-layout-flow\" style=\"background-color:#d9d5ba\">\n<p style=\"margin-top:var(--wp--preset--spacing--30);font-size:1.4em\">Meine Pr\u00e4senz auf sozialen Medien<\/p>\n\n\n\n<div class=\"wp-block-columns is-layout-flex wp-container-core-columns-is-layout-28f84493 wp-block-columns-is-layout-flex\">\n<div class=\"wp-block-column is-layout-flow wp-block-column-is-layout-flow\" style=\"flex-basis:235px\">\n<div class=\"sfsi_widget sfsi_shortcode_container\"><div class=\"norm_row sfsi_wDiv\"  style=\"width:225px;text-align:center;\"><div style='width:40px; height:40px;margin-left:5px;margin-bottom:5px; ' class='sfsi_wicons shuffeldiv' ><div class='inerCnt'><a class='sficn' data-effect='scale' target='_blank' rel='noopener'  href='https:\/\/www.facebook.com\/profile.php?id=100027725660575' id='sfsiid_facebook_icon' style='width:40px;height:40px;opacity:1;'  ><img data-pin-nopin='true' alt='Facebook' title='Facebook' src='https:\/\/nandinbaker.com\/wp-content\/plugins\/ultimate-social-media-icons\/images\/icons_theme\/crystal\/crystal_facebook.png' width='40' height='40' style='' class='sfcm sfsi_wicon' data-effect='scale'   \/><\/a><div class=\"sfsi_tool_tip_2 fb_tool_bdr sfsiTlleft\" style=\"opacity:0;z-index:-1;\" id=\"sfsiid_facebook\"><span class=\"bot_arow bot_fb_arow\"><\/span><div class=\"sfsi_inside\"><div  class='icon1'><a href='https:\/\/www.facebook.com\/profile.php?id=100027725660575' target='_blank' rel='noopener'><img data-pin-nopin='true' class='sfsi_wicon' alt='Facebook' title='Facebook' src='https:\/\/nandinbaker.com\/wp-content\/plugins\/ultimate-social-media-icons\/images\/visit_icons\/Visit_us_fb\/icon_Visit_us_en_US.png' \/><\/a><\/div><div  class='icon2'><div class=\"fb-like\" width=\"200\" data-href=\"https:\/\/nandinbaker.com\/de\/general-terms-and-conditions\/\"  data-send=\"false\" data-layout=\"button_count\" data-action=\"like\"><\/div><\/div><div  class='icon3'><a target='_blank' rel='noopener' href='https:\/\/www.facebook.com\/sharer\/sharer.php?u=https%3A%2F%2Fnandinbaker.com%2Fde%2Fwp-json%2Fwp%2Fv2%2Fpages%2F2099' style='display:inline-block;'  > <img class='sfsi_wicon'  data-pin-nopin='true' alt='fb-share-icon' title='Facebook Share' src='https:\/\/nandinbaker.com\/wp-content\/plugins\/ultimate-social-media-icons\/images\/share_icons\/fb_icons\/en_US.svg' \/><\/a><\/div><\/div><\/div><\/div><\/div><div style='width:40px; height:40px;margin-left:5px;margin-bottom:5px; ' class='sfsi_wicons shuffeldiv' ><div class='inerCnt'><a class='sficn' data-effect='scale' target='_blank' rel='noopener'  href='https:\/\/www.youtube.com\/user\/Nandinbaker' id='sfsiid_youtube_icon' style='width:40px;height:40px;opacity:1;'  ><img data-pin-nopin='true' alt='YouTube' title='YouTube' src='https:\/\/nandinbaker.com\/wp-content\/plugins\/ultimate-social-media-icons\/images\/icons_theme\/crystal\/crystal_youtube.png' width='40' height='40' style='' class='sfcm sfsi_wicon' data-effect='scale'   \/><\/a><\/div><\/div><div style='width:40px; height:40px;margin-left:5px;margin-bottom:5px; ' class='sfsi_wicons shuffeldiv' ><div class='inerCnt'><a class='sficn' data-effect='scale' target='_blank' rel='noopener'  href='https:\/\/www.linkedin.com\/in\/nandin-kathleen-baker-360a6220\/' id='sfsiid_linkedin_icon' style='width:40px;height:40px;opacity:1;'  ><img data-pin-nopin='true' alt='LinkedIn' title='LinkedIn' src='https:\/\/nandinbaker.com\/wp-content\/plugins\/ultimate-social-media-icons\/images\/icons_theme\/crystal\/crystal_linkedin.png' width='40' height='40' style='' class='sfcm sfsi_wicon' data-effect='scale'   \/><\/a><div class=\"sfsi_tool_tip_2 linkedin_tool_bdr sfsiTlleft\" style=\"opacity:0;z-index:-1;\" id=\"sfsiid_linkedin\"><span class=\"bot_arow bot_linkedin_arow\"><\/span><div class=\"sfsi_inside\"><div  class='icon4'><a href='https:\/\/www.linkedin.com\/in\/nandin-kathleen-baker-360a6220\/' target='_blank' rel='noopener'><img data-pin-nopin='true' class='sfsi_wicon' alt='LinkedIn' title='LinkedIn' src='https:\/\/nandinbaker.com\/wp-content\/plugins\/ultimate-social-media-icons\/images\/visit_icons\/Visit_us_linkedin\/icon_en_US.svg' \/><\/a><\/div><div  class='icon1'><script type=\"IN\/FollowCompany\" data-id=\"10\" ><\/script><\/div><div  class='icon2'><a target='_blank' rel='noopener' href=\"https:\/\/www.linkedin.com\/sharing\/share-offsite\/?url=https%3A%2F%2Fnandinbaker.com%2Fde%2Fwp-json%2Fwp%2Fv2%2Fpages%2F2099\"><img decoding=\"async\" class=\"sfsi_wicon\" data-pin-nopin= \"true\" alt=\"Share\" title=\"Share\" src=\"https:\/\/nandinbaker.com\/wp-content\/plugins\/ultimate-social-media-icons\/images\/share_icons\/Linkedin_Share\/en_US_share.svg\" \/><\/a><\/div><div  class='icon3'><script type=\"IN\/RecommendProduct\" data-company=\"10\" data-product=\"\"><\/script><\/div><\/div><\/div><\/div><\/div><div style='width:40px; height:40px;margin-left:5px;margin-bottom:5px; ' class='sfsi_wicons shuffeldiv' ><div class='inerCnt'><a class='sficn' data-effect='scale' target='_blank' rel='noopener'  href='https:\/\/www.instagram.com\/nandin.baker\/' id='sfsiid_instagram_icon' style='width:40px;height:40px;opacity:1;'  ><img data-pin-nopin='true' alt='Instagram' title='Instagram' src='https:\/\/nandinbaker.com\/wp-content\/plugins\/ultimate-social-media-icons\/images\/icons_theme\/crystal\/crystal_instagram.png' width='40' height='40' style='' class='sfcm sfsi_wicon' data-effect='scale'   \/><\/a><\/div><\/div><\/div><div id=\"sfsi_holder\" class=\"sfsi_holders\" style=\"position: relative; float: left;width:100%;z-index:-1;\"><\/div><script>window.addEventListener(\"sfsi_functions_loaded\", function()\n\t\t\t{\n\t\t\t\tif (typeof sfsi_widget_set == \"function\") {\n\t\t\t\t\tsfsi_widget_set();\n\t\t\t\t}\n\t\t\t}); jQuery( document ).ready(function( $ ) { sfsi_shuffle(); });<\/script><div style=\"clear: both;\"><\/div><\/div>\n<\/div>\n<\/div>\n\n\n\n<p>Meine Mailingliste abonnieren: <a onclick=\"return confirm('You are leaving this website. Are you sure?');\" title=\"Kontakt\" href=\"https:\/\/nandinbaker.com\/de\/contact\/\"><em>hier<\/em><\/a><\/p>\n\n\n\n<p><a href=\"https:\/\/nandinbaker.com\/de\/about-nandin\/\"><strong>\u00dcber Nandin und ihre Musik<\/strong><\/a><br><a href=\"https:\/\/nandinbaker.com\/de\/contact-nandin-music\/\" title=\"\"><strong>Kontakt<\/strong><\/a><\/p>\n<\/div>\n\n\n\n<div class=\"wp-block-column m1 m12 has-background is-layout-flow wp-block-column-is-layout-flow\" style=\"background-color:#d9d5ba\">\n<p style=\"margin-top:var(--wp--preset--spacing--30);font-size:1.4em\">Veranstaltungen \u2013 und mehr<\/p>\n\n\n\n<p><a href=\"https:\/\/nandinbaker.com\/de\/meditative-music-making\/\">Meditatives Musizieren<\/a><br><a href=\"https:\/\/nandinbaker.com\/de\/nandin-music\/\">Nandin Musik<\/a><br><a href=\"https:\/\/nandinbaker.com\/de\/redirect-to-bakermusik-de\/\" target=\"_blank\" rel=\"noopener\" title=\"\">Musikunterricht<\/a><br><a href=\"https:\/\/nandinbaker.com\/de\/events-with-nandin\/\" title=\"\">Veranstaltungen<\/a> <a data-type=\"page\" data-id=\"354\" href=\"https:\/\/nandinbaker.com\/de\/events-calendar\/\">Calendar<\/a><br><a href=\"https:\/\/nandinbaker.com\/de\/media-choice\/\">Medien<\/a><br><a href=\"https:\/\/nandinbaker.com\/de\/singing-silence\/\">Singende Stille<\/a><br><a href=\"https:\/\/nandinbaker.com\/de\/stress-release-through-music\/\">Stressabbau durch Musik<\/a><br><a href=\"\/de\/free-downloads\/\">Downloads und mehr<\/a><\/p>\n\n\n\n<div style=\"height:5px\" aria-hidden=\"true\" class=\"wp-block-spacer\"><\/div>\n<\/div>\n\n\n\n<div class=\"wp-block-column m1 m12 has-background is-layout-flow wp-block-column-is-layout-flow\" style=\"background-color:#d9d5ba\">\n<p style=\"margin-top:var(--wp--preset--spacing--30);font-size:1.4em\">Rechtliches<\/p>\n\n\n\n<p><a title=\"\" href=\"\/de\/impressum\/\">Impressum<\/a><br><a title=\"\" href=\"\/de\/privacy policy\/\">Datenschutzerkl\u00e4rung<\/a><br><a title=\"Allgemeine Gesch\u00e4ftsbedingungen\" href=\"https:\/\/nandinbaker.com\/de\/general-terms-and-conditions\/\">AGB<\/a><br><a title=\"Allgemeine Gesch\u00e4ftsbedingungen\" href=\"https:\/\/nandinbaker.com\/de\/general-terms-and-conditions\/\">Allgemeine Gesch\u00e4ftsbedingungen<\/a><br><a title=\"\" href=\"https:\/\/nandinbaker.com\/de\/cookie-policy-eu\/\">Cookie-Richtlinie (EU)<\/a><\/p>\n\n\n\n<p class=\"has-text-align-left\"><a href=\"https:\/\/nandinbaker.com\/de\/site-map\/\" target=\"_blank\" rel=\"noopener\" title=\"Seiten\u00fcbersicht\">Seiten\u00fcbersicht<\/a><\/p>\n\n\n\n<div style=\"height:1px\" aria-hidden=\"true\" class=\"wp-block-spacer\"><\/div>\n<\/div>\n<\/div>\n<\/div>\n<\/div>","protected":false},"excerpt":{"rendered":"<p>General Terms and Conditions of Music and Soundscapes, Kathleen Baker General Terms and Conditions 1. Validity vis-\u00e0-vis entrepreneurs and definitions of terms [&hellip;]<\/p>\n","protected":false},"author":1,"featured_media":0,"parent":0,"menu_order":0,"comment_status":"closed","ping_status":"closed","template":"","meta":{"footnotes":""},"categories":[18],"tags":[48,50,49],"class_list":["post-2099","page","type-page","status-publish","hentry","category-legal-and-administrative-stuff","tag-general-terms-and-conditions","tag-kathleen-baker","tag-music-and-soundscapes"],"aioseo_notices":[],"_links":{"self":[{"href":"https:\/\/nandinbaker.com\/de\/wp-json\/wp\/v2\/pages\/2099","targetHints":{"allow":["GET"]}}],"collection":[{"href":"https:\/\/nandinbaker.com\/de\/wp-json\/wp\/v2\/pages"}],"about":[{"href":"https:\/\/nandinbaker.com\/de\/wp-json\/wp\/v2\/types\/page"}],"author":[{"embeddable":true,"href":"https:\/\/nandinbaker.com\/de\/wp-json\/wp\/v2\/users\/1"}],"replies":[{"embeddable":true,"href":"https:\/\/nandinbaker.com\/de\/wp-json\/wp\/v2\/comments?post=2099"}],"version-history":[{"count":37,"href":"https:\/\/nandinbaker.com\/de\/wp-json\/wp\/v2\/pages\/2099\/revisions"}],"predecessor-version":[{"id":4800,"href":"https:\/\/nandinbaker.com\/de\/wp-json\/wp\/v2\/pages\/2099\/revisions\/4800"}],"wp:attachment":[{"href":"https:\/\/nandinbaker.com\/de\/wp-json\/wp\/v2\/media?parent=2099"}],"wp:term":[{"taxonomy":"category","embeddable":true,"href":"https:\/\/nandinbaker.com\/de\/wp-json\/wp\/v2\/categories?post=2099"},{"taxonomy":"post_tag","embeddable":true,"href":"https:\/\/nandinbaker.com\/de\/wp-json\/wp\/v2\/tags?post=2099"}],"curies":[{"name":"wp","href":"https:\/\/api.w.org\/{rel}","templated":true}]}}